{"id":171,"date":"2020-07-15T10:28:05","date_gmt":"2020-07-15T08:28:05","guid":{"rendered":"http:\/\/plauserspeckladele.it.w01a2f57.kasserver.com\/wordpress\/?page_id=171"},"modified":"2024-11-21T09:02:58","modified_gmt":"2024-11-21T08:02:58","slug":"impressum","status":"publish","type":"page","link":"https:\/\/plauserspeckladele.it\/?page_id=171","title":{"rendered":"Impressum"},"content":{"rendered":"[divider line_type=&#8220;no-line&#8220; custom_height=&#8220;40&#8243;]\n<h2>Impressum<\/h2>\n[divider line_type=&#8220;no-line&#8220; custom_height=&#8220;40&#8243;]\n<p><strong>Plauser Speck Ladele<\/strong><br \/>\nBahnhofstra\u00dfe 22<br \/>\nI-39025 Plaus (BZ)<\/p>\n<p>B\u00fcro +39 0473 673 123<br \/>\nGesch\u00e4ft +39 0473 667 719<br \/>\nMobil +39 333 660 99 66<br \/>\nFax +39 0473 672 584<br \/>\n<a href=\"mailto:info@plauserspeckladele.it\">info@plauserspeckladele.it<\/a><\/p>\n<p>MwSt.-Nr. 00764520219<\/p>\n[divider line_type=&#8220;no-line&#8220; custom_height=&#8220;30&#8243;]\n<p><strong>Design &amp; Programmierung:<br \/>\n<\/strong>Ruratec &#8211; Web Programmierung<br \/>\n<a href=\"https:\/\/bluenetweb.eu\" target=\"_blank\" rel=\"noopener noreferrer\">www.ruratec.it<\/a><\/p>\n[divider line_type=&#8220;no-line&#8220; custom_height=&#8220;30&#8243;]\n<p><strong>Haftungsausschluss<br \/>\n<\/strong>Diese Website enth\u00e4lt Links auf Websites von Dritten. Trotz sorgf\u00e4ltiger inhaltlicher Kontrolle wird keinerlei Haftung f\u00fcr den Inhalt der verlinkten Websites \u00fcbernommen. Die Verantwortung und Haftung f\u00fcr deren Inhalt und Gestaltung liegt ausschlie\u00dflich bei den jeweiligen Betreibern.<\/p>\n<p>Wir achten auf die Vollst\u00e4ndigkeit und Aktualit\u00e4t der Internetseite, dennoch behalten wir uns vor, kurzfristige \u00c4nderungen des Angebotes vorzunehmen. Wir weisen darauf hin, dass f\u00fcr den Gast die Leistungen und der Preis laut Buchungsbest\u00e4tigung rechtlich verbindlich sind.<\/p>\n<p>Pflichtinformation nach EU-Verordnung Nr. 524\/2013 des Europ\u00e4ischen Parlaments und Rats<br \/>\nPlattform zur Online-Beilegung verbraucherrechtlicher Streitigkeiten (ODR) der Europ\u00e4ischen Kommission: <a href=\"http:\/\/ec.europa.eu\/consumers\/odr\/\" target=\"_blank\" rel=\"noopener noreferrer\">http:\/\/ec.europa.eu\/consumers\/odr\/<\/a><\/p>\n[divider line_type=&#8220;no-line&#8220; custom_height=&#8220;30&#8243;]\n","protected":false},"excerpt":{"rendered":"<p>[divider line_type=&#8220;no-line&#8220; custom_height=&#8220;40&#8243;] Impressum [divider line_type=&#8220;no-line&#8220; custom_height=&#8220;40&#8243;] Plauser Speck Ladele Bahnhofstra\u00dfe 22 I-39025 Plaus (BZ) B\u00fcro +39 0473 673 123 Gesch\u00e4ft +39 0473 667 719 Mobil +39 333 660 99&#8230;<\/p>\n","protected":false},"author":110,"featured_media":0,"parent":0,"menu_order":99,"comment_status":"closed","ping_status":"closed","template":"","meta":{"footnotes":""},"class_list":["post-171","page","type-page","status-publish"],"_links":{"self":[{"href":"https:\/\/plauserspeckladele.it\/index.php?rest_route=\/wp\/v2\/pages\/171","targetHints":{"allow":["GET"]}}],"collection":[{"href":"https:\/\/plauserspeckladele.it\/index.php?rest_route=\/wp\/v2\/pages"}],"about":[{"href":"https:\/\/plauserspeckladele.it\/index.php?rest_route=\/wp\/v2\/types\/page"}],"author":[{"embeddable":true,"href":"https:\/\/plauserspeckladele.it\/index.php?rest_route=\/wp\/v2\/users\/110"}],"replies":[{"embeddable":true,"href":"https:\/\/plauserspeckladele.it\/index.php?rest_route=%2Fwp%2Fv2%2Fcomments&post=171"}],"version-history":[{"count":7,"href":"https:\/\/plauserspeckladele.it\/index.php?rest_route=\/wp\/v2\/pages\/171\/revisions"}],"predecessor-version":[{"id":4241,"href":"https:\/\/plauserspeckladele.it\/index.php?rest_route=\/wp\/v2\/pages\/171\/revisions\/4241"}],"wp:attachment":[{"href":"https:\/\/plauserspeckladele.it\/index.php?rest_route=%2Fwp%2Fv2%2Fmedia&parent=171"}],"curies":[{"name":"wp","href":"https:\/\/api.w.org\/{rel}","templated":true}]}}