{"id":2368,"date":"2021-04-16T18:59:58","date_gmt":"2021-04-16T16:59:58","guid":{"rendered":"https:\/\/plauserspeckladele.it\/impronta\/"},"modified":"2021-04-16T18:59:58","modified_gmt":"2021-04-16T16:59:58","slug":"impronta","status":"publish","type":"page","link":"https:\/\/plauserspeckladele.it\/?page_id=2368&lang=it","title":{"rendered":"impronta"},"content":{"rendered":"[divider line_type=&#8220;no-line&#8220; custom_height=&#8220;40&#8243;]\n<h2>impronta<\/h2>\n[divider line_type=&#8220;no-line&#8220; custom_height=&#8220;40&#8243;]\n<p><strong>Plauser Speck Ladele<\/strong><br \/>\nVia Stazione 22<br \/>\nI-39025 Plaus (BZ)<\/p>\n<p>ufficio +39 0473 673 123<br \/>\nnegozio +39 0473 667 719<br \/>\ncellulare +39 333 660 99 66<br \/>\nfax +39 0473 672 584<br \/>\n<a href=\"mailto:info@plauserspeckladele.it\">info@plauserspeckladele.it<\/a><\/p>\n<p>Partita IVA. 00764520219<\/p>\n[divider line_type=&#8220;no-line&#8220; custom_height=&#8220;30&#8243;]\n<p><strong>BlueNetWeb &#8211;<br \/>\n Programmazione web<\/strong><br \/>\n<a href=\"https:\/\/bluenetweb.eu\" target=\"_blank\" rel=\"noopener noreferrer\">www.bluenetweb.eu<\/a><\/p>\n[divider line_type=&#8220;no-line&#8220; custom_height=&#8220;30&#8243;]\n<p><strong>Dichiarazione di non responsabilit\u00e0<br \/>\n<\/strong> Questo sito Web contiene collegamenti a siti Web gestiti da terze parti. Nonostante un attento controllo del contenuto, non si assume alcuna responsabilit\u00e0 per il contenuto dei siti Web collegati. La responsabilit\u00e0 e la responsabilit\u00e0 per il loro contenuto e design \u00e8 esclusivamente dei rispettivi operatori.<\/p>\n<p>Prestiamo attenzione alla completezza e all&#8217;attualit\u00e0 del sito, ma ci riserviamo il diritto di apportare modifiche all&#8217;offerta con breve preavviso. Wir weisen darauf hin, dass f\u00fcr den Gast die Leistungen und der Preis laut Buchungsbest\u00e4tigung rechtlich verbindlich sind.<\/p>\n<p>Informazioni obbligatorie ai sensi del Regolamento UE n. 524\/2013 del Parlamento Europeo e del Consiglio<br \/>\nPiattaforma per la risoluzione online delle controversie dei consumatori (ODR) della Commissione europea: <a href=\"http:\/\/ec.europa.eu\/consumers\/odr\/\" target=\"_blank\" rel=\"noopener noreferrer\">http:\/\/ec.europa.eu\/consumers\/odr\/<\/a><\/p>\n[divider line_type=&#8220;no-line&#8220; custom_height=&#8220;30&#8243;]\n","protected":false},"excerpt":{"rendered":"<p>[divider line_type=&#8220;no-line&#8220; custom_height=&#8220;40&#8243;] impronta [divider line_type=&#8220;no-line&#8220; custom_height=&#8220;40&#8243;] Plauser Speck Ladele Via Stazione 22 I-39025 Plaus (BZ) ufficio +39 0473 673 123 negozio +39 0473 667 719 cellulare +39 333 660&#8230;<\/p>\n","protected":false},"author":110,"featured_media":0,"parent":0,"menu_order":99,"comment_status":"closed","ping_status":"closed","template":"","meta":{"footnotes":""},"class_list":["post-2368","page","type-page","status-publish"],"_links":{"self":[{"href":"https:\/\/plauserspeckladele.it\/index.php?rest_route=\/wp\/v2\/pages\/2368","targetHints":{"allow":["GET"]}}],"collection":[{"href":"https:\/\/plauserspeckladele.it\/index.php?rest_route=\/wp\/v2\/pages"}],"about":[{"href":"https:\/\/plauserspeckladele.it\/index.php?rest_route=\/wp\/v2\/types\/page"}],"author":[{"embeddable":true,"href":"https:\/\/plauserspeckladele.it\/index.php?rest_route=\/wp\/v2\/users\/110"}],"replies":[{"embeddable":true,"href":"https:\/\/plauserspeckladele.it\/index.php?rest_route=%2Fwp%2Fv2%2Fcomments&post=2368"}],"version-history":[{"count":0,"href":"https:\/\/plauserspeckladele.it\/index.php?rest_route=\/wp\/v2\/pages\/2368\/revisions"}],"wp:attachment":[{"href":"https:\/\/plauserspeckladele.it\/index.php?rest_route=%2Fwp%2Fv2%2Fmedia&parent=2368"}],"curies":[{"name":"wp","href":"https:\/\/api.w.org\/{rel}","templated":true}]}}