{"id":1053,"date":"2020-12-29T16:25:18","date_gmt":"2020-12-29T15:25:18","guid":{"rendered":"https:\/\/plauserspeckladele.it\/?post_type=product&#038;p=1053"},"modified":"2023-03-02T16:05:25","modified_gmt":"2023-03-02T15:05:25","slug":"1053","status":"publish","type":"product","link":"https:\/\/plauserspeckladele.it\/?product=1053","title":{"rendered":"Fruchtaufstrich Kastanie 335 g"},"content":{"rendered":"<p>Fruchtaufstrich Kastanie &#8211; Aus edel gl\u00e4nzenden Kastanien. Edelkastanie (Castanea sativa) bezeichnet eine Baumart aus der Familie der Buchengew\u00e4chse (Fagaceae), sowie deren essbare Fr\u00fcchte. Urspr\u00fcnglich aus Kleinasien stammend, verbreitete sich die Edelkastanie im Laufe der Zeit im gesamten Raum vom Kaukasus bis nach Portugal. Lange Zeit waren die Kastanien ein s\u00e4ttigendes Grundnahrungsmittel, aus dem Mehl und Brot hergestellt wurde. Das reichlich vorkommende Vitamin B wirkt beruhigend auf das Nervensystem.<br \/>\nZutaten &#8211; Kastanienp\u00fcree (63%), Zucker, Zitronensaft, Geliermittel: Pektine (aus Apfel), Vanille, Zimt<br \/>\nInhalt: 335 g<\/p>\n<p>Durchschnittliche N\u00e4hrwerte pro 100g:<br \/>\nEnergie:1186 kJ \/ 283 kcal<br \/>\nFett: 0,6 g<br \/>\ndavon ges\u00e4ttigte Fetts\u00e4uren:0,1 g<br \/>\nKohlenhydrate:67 g<br \/>\ndavon Zucker:58 g<br \/>\nEiwei\u00df: 0,8 g<br \/>\nSalz: 0 g<\/p>\n<p>Unge\u00f6ffnet k\u00fchl und trocken lagern.<br \/>\nEinmal ge\u00f6ffnet im K\u00fchlschrank bei 4 \u00b0C aufbewahren und innerhalb von 2 Wochen genie\u00dfen.<br \/>\nMindesthaltbarkeit: 24 Monate ab Produktionstag.<\/p>\n","protected":false},"excerpt":{"rendered":"<p>Fruchtaufstrich Kastanie &#8211; Aus edel gl\u00e4nzenden Kastanien. Edelkastanie (Castanea sativa) bezeichnet eine Baumart aus der Familie der Buchengew\u00e4chse (Fagaceae), sowie deren essbare Fr\u00fcchte. Urspr\u00fcnglich aus Kleinasien stammend, verbreitete sich die&#8230;<\/p>\n","protected":false},"featured_media":1054,"comment_status":"closed","ping_status":"closed","template":"","meta":[],"product_brand":[],"product_cat":[37],"product_tag":[],"class_list":{"0":"post-1053","1":"product","2":"type-product","3":"status-publish","4":"has-post-thumbnail","6":"product_cat-aufstriche","8":"first","9":"instock","10":"taxable","11":"shipping-taxable","12":"purchasable","13":"product-type-simple"},"_links":{"self":[{"href":"https:\/\/plauserspeckladele.it\/index.php?rest_route=\/wp\/v2\/product\/1053","targetHints":{"allow":["GET"]}}],"collection":[{"href":"https:\/\/plauserspeckladele.it\/index.php?rest_route=\/wp\/v2\/product"}],"about":[{"href":"https:\/\/plauserspeckladele.it\/index.php?rest_route=\/wp\/v2\/types\/product"}],"replies":[{"embeddable":true,"href":"https:\/\/plauserspeckladele.it\/index.php?rest_route=%2Fwp%2Fv2%2Fcomments&post=1053"}],"wp:featuredmedia":[{"embeddable":true,"href":"https:\/\/plauserspeckladele.it\/index.php?rest_route=\/wp\/v2\/media\/1054"}],"wp:attachment":[{"href":"https:\/\/plauserspeckladele.it\/index.php?rest_route=%2Fwp%2Fv2%2Fmedia&parent=1053"}],"wp:term":[{"taxonomy":"product_brand","embeddable":true,"href":"https:\/\/plauserspeckladele.it\/index.php?rest_route=%2Fwp%2Fv2%2Fproduct_brand&post=1053"},{"taxonomy":"product_cat","embeddable":true,"href":"https:\/\/plauserspeckladele.it\/index.php?rest_route=%2Fwp%2Fv2%2Fproduct_cat&post=1053"},{"taxonomy":"product_tag","embeddable":true,"href":"https:\/\/plauserspeckladele.it\/index.php?rest_route=%2Fwp%2Fv2%2Fproduct_tag&post=1053"}],"curies":[{"name":"wp","href":"https:\/\/api.w.org\/{rel}","templated":true}]}}