{"id":1068,"date":"2020-12-29T16:49:14","date_gmt":"2020-12-29T15:49:14","guid":{"rendered":"https:\/\/plauserspeckladele.it\/?post_type=product&#038;p=1068"},"modified":"2023-03-02T16:05:50","modified_gmt":"2023-03-02T15:05:50","slug":"fruchtaufstrich-brombeere-335g","status":"publish","type":"product","link":"https:\/\/plauserspeckladele.it\/?product=fruchtaufstrich-brombeere-335g","title":{"rendered":"Fruchtaufstrich Brombeere 335 g"},"content":{"rendered":"<p>Fruchtaufstrich Brombeere &#8211; Aus nachtschwarzen, vollreifen Brombeeren. Die Brombeere (Rubus fruticosus) geh\u00f6rt zur umfangreichen Familie der Rosengew\u00e4chse. Man teilt die Brombeeren in zwei gro\u00dfe Gruppen ein, die echten Brombeeren und die Haselblatt-Brombeeren. Die Brombeere ist in den gem\u00e4\u00dfigten Zonen von Europa, Nordafrika, Vorderasien und Nordamerikabeheimatet. Brombeeren sind eine gute Quelle f\u00fcr die Vitamine A und C, sie enthalten Kalium, Magnesium und Kupfer.<br \/>\nZutaten &#8211; Brombeeren (75%), Zucker, Zitronensaft, Geliermittel: Pektine (aus Apfel)<br \/>\nInhalt: 335 g<br \/>\nKategorie: Fruchtaufstriche<br \/>\nMood : Fr\u00fchst\u00fcck<br \/>\nSorte: Brombeere<\/p>\n<p>Durchschnittliche N\u00e4hrwerte pro 100g:<br \/>\nEnergie:625 kJ \/ 148 kcal<br \/>\nFett: 0,7 g<br \/>\ndavon ges\u00e4ttigte Fetts\u00e4uren: < 0,1 g\nKohlenhydrate: 33 g\ndavon Zucker: 32 g\nEiwei\u00df: 0,8 g\nSalz: 0 g\n\nUnge\u00f6ffnet k\u00fchl und trocken lagern.\n\nEinmal ge\u00f6ffnet im K\u00fchlschrank bei 4 \u00b0C aufbewahren und innerhalb von 2 Wochen genie\u00dfen.\n\nMindesthaltbarkeit: 24 Monate ab Produktionstag.\n\n<\/p>\n","protected":false},"excerpt":{"rendered":"<p>Fruchtaufstrich Brombeere &#8211; Aus nachtschwarzen, vollreifen Brombeeren. Die Brombeere (Rubus fruticosus) geh\u00f6rt zur umfangreichen Familie der Rosengew\u00e4chse. Man teilt die Brombeeren in zwei gro\u00dfe Gruppen ein, die echten Brombeeren und&#8230;<\/p>\n","protected":false},"featured_media":1062,"comment_status":"closed","ping_status":"closed","template":"","meta":[],"product_brand":[],"product_cat":[37],"product_tag":[],"class_list":{"0":"post-1068","1":"product","2":"type-product","3":"status-publish","4":"has-post-thumbnail","6":"product_cat-aufstriche","8":"first","9":"instock","10":"taxable","11":"shipping-taxable","12":"purchasable","13":"product-type-simple"},"_links":{"self":[{"href":"https:\/\/plauserspeckladele.it\/index.php?rest_route=\/wp\/v2\/product\/1068","targetHints":{"allow":["GET"]}}],"collection":[{"href":"https:\/\/plauserspeckladele.it\/index.php?rest_route=\/wp\/v2\/product"}],"about":[{"href":"https:\/\/plauserspeckladele.it\/index.php?rest_route=\/wp\/v2\/types\/product"}],"replies":[{"embeddable":true,"href":"https:\/\/plauserspeckladele.it\/index.php?rest_route=%2Fwp%2Fv2%2Fcomments&post=1068"}],"wp:featuredmedia":[{"embeddable":true,"href":"https:\/\/plauserspeckladele.it\/index.php?rest_route=\/wp\/v2\/media\/1062"}],"wp:attachment":[{"href":"https:\/\/plauserspeckladele.it\/index.php?rest_route=%2Fwp%2Fv2%2Fmedia&parent=1068"}],"wp:term":[{"taxonomy":"product_brand","embeddable":true,"href":"https:\/\/plauserspeckladele.it\/index.php?rest_route=%2Fwp%2Fv2%2Fproduct_brand&post=1068"},{"taxonomy":"product_cat","embeddable":true,"href":"https:\/\/plauserspeckladele.it\/index.php?rest_route=%2Fwp%2Fv2%2Fproduct_cat&post=1068"},{"taxonomy":"product_tag","embeddable":true,"href":"https:\/\/plauserspeckladele.it\/index.php?rest_route=%2Fwp%2Fv2%2Fproduct_tag&post=1068"}],"curies":[{"name":"wp","href":"https:\/\/api.w.org\/{rel}","templated":true}]}}