{"id":1086,"date":"2020-12-30T10:08:54","date_gmt":"2020-12-30T09:08:54","guid":{"rendered":"https:\/\/plauserspeckladele.it\/?post_type=product&#038;p=1086"},"modified":"2023-03-02T16:03:12","modified_gmt":"2023-03-02T15:03:12","slug":"fruchtaufstrich-rote-johannisbeere-335-g","status":"publish","type":"product","link":"https:\/\/plauserspeckladele.it\/?product=fruchtaufstrich-rote-johannisbeere-335-g","title":{"rendered":"Fruchtaufstrich Rote Johannisbeere 335 g"},"content":{"rendered":"<p>Fruchtaufstrich rote Johannisbeere &#8211; Aus k\u00f6stlichen Johannisbeeren mit einer leicht s\u00e4uerlichen Note. Die Johannisbeere (Ribes) geh\u00f6rt zu den Stachelbeergew\u00e4chsen und ist ein europ\u00e4isches Beerenobst. Da die Fr\u00fcchte gew\u00f6hnlich am Johannitag, dem 24. Juni reif sind, tragen die Pflanzen den Namen Johannisbeere. Es gibt die rote Johannisbeere (Ribes rubrum) und die schwarze Johannisbeere (Ribes nigrum). Die wei\u00dfe Johannisbeere ist eine Zuchtform der roten Johannisbeere.<br \/>\nZutaten &#8211; Rote Johannisbeeren (75%), Zucker, Zitronensaft, Geliermittel: Pektine (aus Apfel)<br \/>\nEigenschaften: Vegan, Glutenfrei<br \/>\nInhalt: 335 g<br \/>\nKategorie: Fruchtaufstriche<br \/>\nMood : Fr\u00fchst\u00fcck<br \/>\nSorte: Rote Johannisbeere<\/p>\n<p>Durchschnittliche N\u00e4hrwerte pro 100g:<br \/>\nEnergie:623 kJ \/ 147 kcal<br \/>\nFett: 0,1 g<br \/>\ndavon ges\u00e4ttigte Fetts\u00e4uren: < 0,1 g\nKohlenhydrate: 33 g\ndavon Zucker: 32 g\nEiwei\u00df: 0,8 g\nSalz: 0 g\n\nUnge\u00f6ffnet k\u00fchl und trocken lagern.\nEinmal ge\u00f6ffnet im K\u00fchlschrank bei 4 \u00b0C aufbewahren und innerhalb von 2 Wochen genie\u00dfen.\nMindesthaltbarkeit: 24 Monate ab Produktionstag.\n<\/p>\n","protected":false},"excerpt":{"rendered":"<p>Fruchtaufstrich rote Johannisbeere &#8211; Aus k\u00f6stlichen Johannisbeeren mit einer leicht s\u00e4uerlichen Note. Die Johannisbeere (Ribes) geh\u00f6rt zu den Stachelbeergew\u00e4chsen und ist ein europ\u00e4isches Beerenobst. Da die Fr\u00fcchte gew\u00f6hnlich am Johannitag,&#8230;<\/p>\n","protected":false},"featured_media":1066,"comment_status":"closed","ping_status":"closed","template":"","meta":[],"product_brand":[],"product_cat":[37],"product_tag":[],"class_list":{"0":"post-1086","1":"product","2":"type-product","3":"status-publish","4":"has-post-thumbnail","6":"product_cat-aufstriche","8":"first","9":"instock","10":"taxable","11":"shipping-taxable","12":"purchasable","13":"product-type-simple"},"_links":{"self":[{"href":"https:\/\/plauserspeckladele.it\/index.php?rest_route=\/wp\/v2\/product\/1086","targetHints":{"allow":["GET"]}}],"collection":[{"href":"https:\/\/plauserspeckladele.it\/index.php?rest_route=\/wp\/v2\/product"}],"about":[{"href":"https:\/\/plauserspeckladele.it\/index.php?rest_route=\/wp\/v2\/types\/product"}],"replies":[{"embeddable":true,"href":"https:\/\/plauserspeckladele.it\/index.php?rest_route=%2Fwp%2Fv2%2Fcomments&post=1086"}],"wp:featuredmedia":[{"embeddable":true,"href":"https:\/\/plauserspeckladele.it\/index.php?rest_route=\/wp\/v2\/media\/1066"}],"wp:attachment":[{"href":"https:\/\/plauserspeckladele.it\/index.php?rest_route=%2Fwp%2Fv2%2Fmedia&parent=1086"}],"wp:term":[{"taxonomy":"product_brand","embeddable":true,"href":"https:\/\/plauserspeckladele.it\/index.php?rest_route=%2Fwp%2Fv2%2Fproduct_brand&post=1086"},{"taxonomy":"product_cat","embeddable":true,"href":"https:\/\/plauserspeckladele.it\/index.php?rest_route=%2Fwp%2Fv2%2Fproduct_cat&post=1086"},{"taxonomy":"product_tag","embeddable":true,"href":"https:\/\/plauserspeckladele.it\/index.php?rest_route=%2Fwp%2Fv2%2Fproduct_tag&post=1086"}],"curies":[{"name":"wp","href":"https:\/\/api.w.org\/{rel}","templated":true}]}}