{"id":1088,"date":"2020-12-30T10:47:23","date_gmt":"2020-12-30T09:47:23","guid":{"rendered":"https:\/\/plauserspeckladele.it\/?post_type=product&#038;p=1088"},"modified":"2023-03-02T16:02:53","modified_gmt":"2023-03-02T15:02:53","slug":"fruchtaufstrich-schwarze-johannisbeere-335-g","status":"publish","type":"product","link":"https:\/\/plauserspeckladele.it\/?product=fruchtaufstrich-schwarze-johannisbeere-335-g","title":{"rendered":"Fruchtaufstrich Schwarze Johannisbeere 335 g"},"content":{"rendered":"<p>Fruchtaufstrich schwarze Johannisbeere &#8211; Aus dunklen Johannisbeeren, intensiv im Geschmack und mit vielen Vitaminen. Die Johannisbeere (Ribes) geh\u00f6rt zu den Stachelbeergew\u00e4chsen und ist ein europ\u00e4isches Beerenobst. Da die Fr\u00fcchte gew\u00f6hnlich am Johannitag, dem 24. Juni reif sind, tragen die Pflanzen den Namen Johannisbeere. Es gibt die rote Johannisbeere (Ribes rubrum) und die schwarze Johannisbeere (Ribes nigrum). Die wei\u00dfe Johannisbeere ist eine Zuchtform der roten Johannisbeere. Die schwarze Johannisbeere hat von allen Gartenfr\u00fcchten den h\u00f6chsten Vitamin-C Gehalt. Ihre besonders intensiv duftenden Bl\u00fcten werden auch zur Parf\u00fcmherstellung verwendet.<br \/>\nZutaten &#8211; Schwarze Johannisbeeren (70%), Zucker, Zitronensaft, Geliermittel: Pektine (aus Apfel)<br \/>\nInhalt: 335 g<br \/>\nKategorie: Fruchtaufstriche<br \/>\nMood : Fr\u00fchst\u00fcck<br \/>\nSorte: Schwarze Johannisbeere<\/p>\n<p>Durchschnittliche N\u00e4hrwerte pro 100g:<br \/>\nEnergie:623 kJ \/ 147 kcal<br \/>\nFett: 0,1 g<br \/>\ndavon ges\u00e4ttigte Fetts\u00e4uren: < 0,1 g\nKohlenhydrate: 33 g\ndavon Zucker: 32 g\nEiwei\u00df: 0,9 g\nSalz: 0 g\n\nUnge\u00f6ffnet k\u00fchl und trocken lagern.\nEinmal ge\u00f6ffnet im K\u00fchlschrank bei 4 \u00b0C aufbewahren und innerhalb von 2 Wochen genie\u00dfen.\nMindesthaltbarkeit: 24 Monate ab Produktionstag.\n\n<\/p>\n","protected":false},"excerpt":{"rendered":"<p>Fruchtaufstrich schwarze Johannisbeere &#8211; Aus dunklen Johannisbeeren, intensiv im Geschmack und mit vielen Vitaminen. Die Johannisbeere (Ribes) geh\u00f6rt zu den Stachelbeergew\u00e4chsen und ist ein europ\u00e4isches Beerenobst. Da die Fr\u00fcchte gew\u00f6hnlich&#8230;<\/p>\n","protected":false},"featured_media":1064,"comment_status":"closed","ping_status":"closed","template":"","meta":[],"product_brand":[],"product_cat":[37],"product_tag":[],"class_list":{"0":"post-1088","1":"product","2":"type-product","3":"status-publish","4":"has-post-thumbnail","6":"product_cat-aufstriche","8":"first","9":"instock","10":"taxable","11":"shipping-taxable","12":"purchasable","13":"product-type-simple"},"_links":{"self":[{"href":"https:\/\/plauserspeckladele.it\/index.php?rest_route=\/wp\/v2\/product\/1088","targetHints":{"allow":["GET"]}}],"collection":[{"href":"https:\/\/plauserspeckladele.it\/index.php?rest_route=\/wp\/v2\/product"}],"about":[{"href":"https:\/\/plauserspeckladele.it\/index.php?rest_route=\/wp\/v2\/types\/product"}],"replies":[{"embeddable":true,"href":"https:\/\/plauserspeckladele.it\/index.php?rest_route=%2Fwp%2Fv2%2Fcomments&post=1088"}],"wp:featuredmedia":[{"embeddable":true,"href":"https:\/\/plauserspeckladele.it\/index.php?rest_route=\/wp\/v2\/media\/1064"}],"wp:attachment":[{"href":"https:\/\/plauserspeckladele.it\/index.php?rest_route=%2Fwp%2Fv2%2Fmedia&parent=1088"}],"wp:term":[{"taxonomy":"product_brand","embeddable":true,"href":"https:\/\/plauserspeckladele.it\/index.php?rest_route=%2Fwp%2Fv2%2Fproduct_brand&post=1088"},{"taxonomy":"product_cat","embeddable":true,"href":"https:\/\/plauserspeckladele.it\/index.php?rest_route=%2Fwp%2Fv2%2Fproduct_cat&post=1088"},{"taxonomy":"product_tag","embeddable":true,"href":"https:\/\/plauserspeckladele.it\/index.php?rest_route=%2Fwp%2Fv2%2Fproduct_tag&post=1088"}],"curies":[{"name":"wp","href":"https:\/\/api.w.org\/{rel}","templated":true}]}}