{"id":1089,"date":"2020-12-30T10:47:23","date_gmt":"2020-12-30T09:47:23","guid":{"rendered":"https:\/\/plauserspeckladele.it\/produkt\/ribisla-nera-composta-di-frutta-ribes-nero-335g\/"},"modified":"2021-04-17T19:54:45","modified_gmt":"2021-04-17T17:54:45","slug":"ribisla-nera-composta-di-frutta-ribes-nero-335g","status":"publish","type":"product","link":"https:\/\/plauserspeckladele.it\/?product=ribisla-nera-composta-di-frutta-ribes-nero-335g&lang=it","title":{"rendered":"Ribisla nera composta di frutta Ribes nero 335g"},"content":{"rendered":"<p>Composta di frutta ribes nero &#8211; fatta con ribes neri, dal sapore intenso e con molte vitamine. Il ribes (Ribes) appartiene alla famiglia degli uvaspina ed \u00e8 un frutto europeo. Esiste il ribes rosso (Ribes rubrum) e il ribes nero (Ribes nigrum). Il ribes bianco \u00e8 una forma coltivata di ribes rosso. Il ribes nero ha il pi\u00f9 alto contenuto di vitamina C di tutti i frutti del giardino. I suoi fiori particolarmente profumati sono utilizzati anche per la produzione di profumi.<br \/>\nIngredienti &#8211; Ribes nero (70%), zucchero, succo di limone, gelificante: pectine (da mela)<br \/>\nConfezione: 335 g<br \/>\nCategoria: Composte di frutta<br \/>\nMood : Colazione<br \/>\nVariet\u00e0: Ribes nero<\/p>\n<p>Dichiarazione nutrizionale media per 100g:<br \/>\nEnergia:623 kJ \/ 147 kcal<br \/>\nGrassi: 0,1 g<br \/>\ndi cui acidi grassi saturi: &lt; 0,1 g<br \/>\nCarboidrati: 33 g<br \/>\ndi cui zuccheri: 32 g<br \/>\nProteine: 0,9 g<br \/>\nSale: 0 g<\/p>\n<p>Conservare chiuso in un luogo fresco e asciutto.<br \/>\nDa conservare in frigorifero dopo l&#8217;apertura e gustare entro 2 settimane.<br \/>\nDurata minima di conservazione: 24 mesi dalla data di produzione.<\/p>\n","protected":false},"excerpt":{"rendered":"<p>Composta di frutta ribes nero &#8211; fatta con ribes neri, dal sapore intenso e con molte vitamine. Il ribes (Ribes) appartiene alla famiglia degli uvaspina ed \u00e8 un frutto europeo&#8230;.<\/p>\n","protected":false},"featured_media":1065,"comment_status":"closed","ping_status":"closed","template":"","meta":[],"product_brand":[],"product_cat":[55],"product_tag":[],"class_list":{"0":"post-1089","1":"product","2":"type-product","3":"status-publish","4":"has-post-thumbnail","6":"product_cat-aufstriche-sugo","8":"first","9":"instock","10":"taxable","11":"shipping-taxable","12":"purchasable","13":"product-type-simple"},"_links":{"self":[{"href":"https:\/\/plauserspeckladele.it\/index.php?rest_route=\/wp\/v2\/product\/1089","targetHints":{"allow":["GET"]}}],"collection":[{"href":"https:\/\/plauserspeckladele.it\/index.php?rest_route=\/wp\/v2\/product"}],"about":[{"href":"https:\/\/plauserspeckladele.it\/index.php?rest_route=\/wp\/v2\/types\/product"}],"replies":[{"embeddable":true,"href":"https:\/\/plauserspeckladele.it\/index.php?rest_route=%2Fwp%2Fv2%2Fcomments&post=1089"}],"wp:featuredmedia":[{"embeddable":true,"href":"https:\/\/plauserspeckladele.it\/index.php?rest_route=\/wp\/v2\/media\/1065"}],"wp:attachment":[{"href":"https:\/\/plauserspeckladele.it\/index.php?rest_route=%2Fwp%2Fv2%2Fmedia&parent=1089"}],"wp:term":[{"taxonomy":"product_brand","embeddable":true,"href":"https:\/\/plauserspeckladele.it\/index.php?rest_route=%2Fwp%2Fv2%2Fproduct_brand&post=1089"},{"taxonomy":"product_cat","embeddable":true,"href":"https:\/\/plauserspeckladele.it\/index.php?rest_route=%2Fwp%2Fv2%2Fproduct_cat&post=1089"},{"taxonomy":"product_tag","embeddable":true,"href":"https:\/\/plauserspeckladele.it\/index.php?rest_route=%2Fwp%2Fv2%2Fproduct_tag&post=1089"}],"curies":[{"name":"wp","href":"https:\/\/api.w.org\/{rel}","templated":true}]}}