{"id":1132,"date":"2020-12-30T17:42:19","date_gmt":"2020-12-30T16:42:19","guid":{"rendered":"https:\/\/plauserspeckladele.it\/?post_type=product&#038;p=1132"},"modified":"2023-03-22T16:21:23","modified_gmt":"2023-03-22T15:21:23","slug":"sand-lagrein-kellerei-nals-margreid","status":"publish","type":"product","link":"https:\/\/plauserspeckladele.it\/?product=sand-lagrein-kellerei-nals-margreid","title":{"rendered":"SAND Lagrein Kellerei Nals Margreid"},"content":{"rendered":"<p>Die tief granatrote Farbe unseres SAND Lagrein deutet schon auf seine F\u00fclle hin: Aus dem warmen Bozner Talkessel stammend, erinnern seine fruchtig-w\u00fcrzigen Aromen an Schokolade, reife Kirschen und Veilchen. Dank der langen Reifezeit verw\u00f6hnt er mit weichen Gerbstoffen, angenehmer Frische und sch\u00f6nem Abgang. Ein Wein, der besonders gut zu Wild, Federwild und<br \/>\ngeschmorten Gerichten passt. In den fast ebenen Weinberglagen von Gries bei Bozen finden sich von Quarzporphyr durchdrungene, sandige Flussschwemmb\u00f6den. Die autochthone Lagrein-Traube kommt hier dank der w\u00e4rmespeichernden Eigenschaften des Bozner Talkessels zu voller Reife und gewinnt so<br \/>\nihre typische samtige Weichheit.<\/p>\n","protected":false},"excerpt":{"rendered":"<p>Die tief granatrote Farbe unseres SAND Lagrein deutet schon auf seine F\u00fclle hin: Aus dem warmen Bozner Talkessel stammend, erinnern seine fruchtig-w\u00fcrzigen Aromen an Schokolade, reife Kirschen und Veilchen. Dank&#8230;<\/p>\n","protected":false},"featured_media":2026,"comment_status":"closed","ping_status":"closed","template":"","meta":[],"product_brand":[],"product_cat":[43],"product_tag":[],"class_list":{"0":"post-1132","1":"product","2":"type-product","3":"status-publish","4":"has-post-thumbnail","6":"product_cat-suedtiroler-weine","8":"first","9":"instock","10":"taxable","11":"shipping-taxable","12":"purchasable","13":"product-type-simple"},"_links":{"self":[{"href":"https:\/\/plauserspeckladele.it\/index.php?rest_route=\/wp\/v2\/product\/1132","targetHints":{"allow":["GET"]}}],"collection":[{"href":"https:\/\/plauserspeckladele.it\/index.php?rest_route=\/wp\/v2\/product"}],"about":[{"href":"https:\/\/plauserspeckladele.it\/index.php?rest_route=\/wp\/v2\/types\/product"}],"replies":[{"embeddable":true,"href":"https:\/\/plauserspeckladele.it\/index.php?rest_route=%2Fwp%2Fv2%2Fcomments&post=1132"}],"wp:featuredmedia":[{"embeddable":true,"href":"https:\/\/plauserspeckladele.it\/index.php?rest_route=\/wp\/v2\/media\/2026"}],"wp:attachment":[{"href":"https:\/\/plauserspeckladele.it\/index.php?rest_route=%2Fwp%2Fv2%2Fmedia&parent=1132"}],"wp:term":[{"taxonomy":"product_brand","embeddable":true,"href":"https:\/\/plauserspeckladele.it\/index.php?rest_route=%2Fwp%2Fv2%2Fproduct_brand&post=1132"},{"taxonomy":"product_cat","embeddable":true,"href":"https:\/\/plauserspeckladele.it\/index.php?rest_route=%2Fwp%2Fv2%2Fproduct_cat&post=1132"},{"taxonomy":"product_tag","embeddable":true,"href":"https:\/\/plauserspeckladele.it\/index.php?rest_route=%2Fwp%2Fv2%2Fproduct_tag&post=1132"}],"curies":[{"name":"wp","href":"https:\/\/api.w.org\/{rel}","templated":true}]}}