{"id":1183,"date":"2021-01-09T11:09:39","date_gmt":"2021-01-09T10:09:39","guid":{"rendered":"https:\/\/plauserspeckladele.it\/?post_type=product&#038;p=1183"},"modified":"2021-03-06T16:38:31","modified_gmt":"2021-03-06T15:38:31","slug":"angra-pinot-noir-kellerei-nals-magreid","status":"publish","type":"product","link":"https:\/\/plauserspeckladele.it\/?product=angra-pinot-noir-kellerei-nals-magreid","title":{"rendered":"ANGRA Pinot Noir Kellerei Nals Margreid"},"content":{"rendered":"<p>Das gem\u00e4\u00dfigte Klima in Eppan mit warmen Tagen und milden N\u00e4chten verleiht unserem ANGRA Pinot Noir Eleganz, harmonische F\u00fclle, eine sch\u00f6ne Gerbstoffstruktur und einen frischen Abgang. Im animierend frisch-fruchtigen Bukett entfaltet sich der warme Duft von Himbeeren und Kirschen. So schmeckt der ANGRA Pinot Noir zu Fleisch- und Wildspeisen, aber auch zu intensiven Vorspeisen.<\/p>\n","protected":false},"excerpt":{"rendered":"<p>Das gem\u00e4\u00dfigte Klima in Eppan mit warmen Tagen und milden N\u00e4chten verleiht unserem ANGRA Pinot Noir Eleganz, harmonische F\u00fclle, eine sch\u00f6ne Gerbstoffstruktur und einen frischen Abgang. Im animierend frisch-fruchtigen Bukett&#8230;<\/p>\n","protected":false},"featured_media":2002,"comment_status":"closed","ping_status":"closed","template":"","meta":[],"product_brand":[],"product_cat":[43],"product_tag":[],"class_list":{"0":"post-1183","1":"product","2":"type-product","3":"status-publish","4":"has-post-thumbnail","6":"product_cat-suedtiroler-weine","8":"first","9":"instock","10":"taxable","11":"shipping-taxable","12":"purchasable","13":"product-type-simple"},"_links":{"self":[{"href":"https:\/\/plauserspeckladele.it\/index.php?rest_route=\/wp\/v2\/product\/1183","targetHints":{"allow":["GET"]}}],"collection":[{"href":"https:\/\/plauserspeckladele.it\/index.php?rest_route=\/wp\/v2\/product"}],"about":[{"href":"https:\/\/plauserspeckladele.it\/index.php?rest_route=\/wp\/v2\/types\/product"}],"replies":[{"embeddable":true,"href":"https:\/\/plauserspeckladele.it\/index.php?rest_route=%2Fwp%2Fv2%2Fcomments&post=1183"}],"wp:featuredmedia":[{"embeddable":true,"href":"https:\/\/plauserspeckladele.it\/index.php?rest_route=\/wp\/v2\/media\/2002"}],"wp:attachment":[{"href":"https:\/\/plauserspeckladele.it\/index.php?rest_route=%2Fwp%2Fv2%2Fmedia&parent=1183"}],"wp:term":[{"taxonomy":"product_brand","embeddable":true,"href":"https:\/\/plauserspeckladele.it\/index.php?rest_route=%2Fwp%2Fv2%2Fproduct_brand&post=1183"},{"taxonomy":"product_cat","embeddable":true,"href":"https:\/\/plauserspeckladele.it\/index.php?rest_route=%2Fwp%2Fv2%2Fproduct_cat&post=1183"},{"taxonomy":"product_tag","embeddable":true,"href":"https:\/\/plauserspeckladele.it\/index.php?rest_route=%2Fwp%2Fv2%2Fproduct_tag&post=1183"}],"curies":[{"name":"wp","href":"https:\/\/api.w.org\/{rel}","templated":true}]}}