{"id":1239,"date":"2021-01-15T15:13:04","date_gmt":"2021-01-15T14:13:04","guid":{"rendered":"https:\/\/plauserspeckladele.it\/?post_type=product&#038;p=1239"},"modified":"2023-03-22T16:20:27","modified_gmt":"2023-03-22T15:20:27","slug":"vangar-merlot-cabernet-kellerei-nals-margreid","status":"publish","type":"product","link":"https:\/\/plauserspeckladele.it\/?product=vangar-merlot-cabernet-kellerei-nals-margreid","title":{"rendered":"VANGAR Merlot Cabernet Kellerei Nals Margreid"},"content":{"rendered":"<p>Das mediterrane Klima um Margreid im S\u00fcden S\u00fcdtirols, in dem der VANGAR Merlot Cabernet gedeiht, verleiht ihm den Duft von Waldbeeren. Die warmen B\u00f6den beg\u00fcnstigen seine Weichheit und Eleganz. Mit feiner Struktur und angenehmer Frische im Gaumen, eignet er sich als Begleiter zu kr\u00e4ftigen Gerichten und dunklem Fleisch.<\/p>\n<p>In den tiefgr\u00fcndigen Kalkschotterb\u00f6den wurzeln sehr alte Rebbest\u00e4nde in einem sehr warmen Milieu. Die vielen Sonnenstunden in Verbindung mit dem nachmitt\u00e4glichen Einsetzen des Gardaseewinds Ora, schaffen die besten Voraussetzungen f\u00fcr den Anbau unseres VANGAR Merlot Cabernet.<\/p>\n","protected":false},"excerpt":{"rendered":"<p>Das mediterrane Klima um Margreid im S\u00fcden S\u00fcdtirols, in dem der VANGAR Merlot Cabernet gedeiht, verleiht ihm den Duft von Waldbeeren. Die warmen B\u00f6den beg\u00fcnstigen seine Weichheit und Eleganz. Mit&#8230;<\/p>\n","protected":false},"featured_media":2034,"comment_status":"closed","ping_status":"closed","template":"","meta":[],"product_brand":[],"product_cat":[43],"product_tag":[],"class_list":{"0":"post-1239","1":"product","2":"type-product","3":"status-publish","4":"has-post-thumbnail","6":"product_cat-suedtiroler-weine","8":"first","9":"instock","10":"taxable","11":"shipping-taxable","12":"purchasable","13":"product-type-simple"},"_links":{"self":[{"href":"https:\/\/plauserspeckladele.it\/index.php?rest_route=\/wp\/v2\/product\/1239","targetHints":{"allow":["GET"]}}],"collection":[{"href":"https:\/\/plauserspeckladele.it\/index.php?rest_route=\/wp\/v2\/product"}],"about":[{"href":"https:\/\/plauserspeckladele.it\/index.php?rest_route=\/wp\/v2\/types\/product"}],"replies":[{"embeddable":true,"href":"https:\/\/plauserspeckladele.it\/index.php?rest_route=%2Fwp%2Fv2%2Fcomments&post=1239"}],"wp:featuredmedia":[{"embeddable":true,"href":"https:\/\/plauserspeckladele.it\/index.php?rest_route=\/wp\/v2\/media\/2034"}],"wp:attachment":[{"href":"https:\/\/plauserspeckladele.it\/index.php?rest_route=%2Fwp%2Fv2%2Fmedia&parent=1239"}],"wp:term":[{"taxonomy":"product_brand","embeddable":true,"href":"https:\/\/plauserspeckladele.it\/index.php?rest_route=%2Fwp%2Fv2%2Fproduct_brand&post=1239"},{"taxonomy":"product_cat","embeddable":true,"href":"https:\/\/plauserspeckladele.it\/index.php?rest_route=%2Fwp%2Fv2%2Fproduct_cat&post=1239"},{"taxonomy":"product_tag","embeddable":true,"href":"https:\/\/plauserspeckladele.it\/index.php?rest_route=%2Fwp%2Fv2%2Fproduct_tag&post=1239"}],"curies":[{"name":"wp","href":"https:\/\/api.w.org\/{rel}","templated":true}]}}