{"id":1244,"date":"2021-01-15T15:47:26","date_gmt":"2021-01-15T14:47:26","guid":{"rendered":"https:\/\/plauserspeckladele.it\/?post_type=product&#038;p=1244"},"modified":"2023-03-22T16:19:57","modified_gmt":"2023-03-22T15:19:57","slug":"berg-pinot-bianco-kellerei-nals-margreid","status":"publish","type":"product","link":"https:\/\/plauserspeckladele.it\/?product=berg-pinot-bianco-kellerei-nals-margreid","title":{"rendered":"BERG Pinot Bianco Kellerei Nals Margreid"},"content":{"rendered":"<p>Dank hohen Lagen besticht unser BERG Pinot Bianco mit rassiger Eleganz, knackiger Frische und einem ausgepr\u00e4gten S\u00e4urespiel. Die sp\u00e4te Lese im Oktober verleiht dem Wein mit einem animierenden Bukett nach \u00c4pfeln und Ananas anhaltende F\u00fclle. Appetitanregend als Aperitifwein, fruchtig-frisch zu leichten Vorspeisen, Spargelgerichten, sowie Speisen mit Fisch und wei\u00dfem Fleisch.<\/p>\n<p>Die H\u00e4nge oberhalb 500 H\u00f6henmeter mit reinen Kalkschotterboden, in einem warmen Gebiet beg\u00fcnstigen die sp\u00e4te Reife von Pinot Bianco. Die infolgedessen kleinen, konzentrierten Trauben bestimmen die Wesensart der Weine bestimmen.<\/p>\n","protected":false},"excerpt":{"rendered":"<p>Dank hohen Lagen besticht unser BERG Pinot Bianco mit rassiger Eleganz, knackiger Frische und einem ausgepr\u00e4gten S\u00e4urespiel. Die sp\u00e4te Lese im Oktober verleiht dem Wein mit einem animierenden Bukett nach&#8230;<\/p>\n","protected":false},"featured_media":2004,"comment_status":"closed","ping_status":"closed","template":"","meta":[],"product_brand":[],"product_cat":[43],"product_tag":[],"class_list":{"0":"post-1244","1":"product","2":"type-product","3":"status-publish","4":"has-post-thumbnail","6":"product_cat-suedtiroler-weine","8":"first","9":"instock","10":"taxable","11":"shipping-taxable","12":"purchasable","13":"product-type-simple"},"_links":{"self":[{"href":"https:\/\/plauserspeckladele.it\/index.php?rest_route=\/wp\/v2\/product\/1244","targetHints":{"allow":["GET"]}}],"collection":[{"href":"https:\/\/plauserspeckladele.it\/index.php?rest_route=\/wp\/v2\/product"}],"about":[{"href":"https:\/\/plauserspeckladele.it\/index.php?rest_route=\/wp\/v2\/types\/product"}],"replies":[{"embeddable":true,"href":"https:\/\/plauserspeckladele.it\/index.php?rest_route=%2Fwp%2Fv2%2Fcomments&post=1244"}],"wp:featuredmedia":[{"embeddable":true,"href":"https:\/\/plauserspeckladele.it\/index.php?rest_route=\/wp\/v2\/media\/2004"}],"wp:attachment":[{"href":"https:\/\/plauserspeckladele.it\/index.php?rest_route=%2Fwp%2Fv2%2Fmedia&parent=1244"}],"wp:term":[{"taxonomy":"product_brand","embeddable":true,"href":"https:\/\/plauserspeckladele.it\/index.php?rest_route=%2Fwp%2Fv2%2Fproduct_brand&post=1244"},{"taxonomy":"product_cat","embeddable":true,"href":"https:\/\/plauserspeckladele.it\/index.php?rest_route=%2Fwp%2Fv2%2Fproduct_cat&post=1244"},{"taxonomy":"product_tag","embeddable":true,"href":"https:\/\/plauserspeckladele.it\/index.php?rest_route=%2Fwp%2Fv2%2Fproduct_tag&post=1244"}],"curies":[{"name":"wp","href":"https:\/\/api.w.org\/{rel}","templated":true}]}}