{"id":1301,"date":"2021-01-17T12:55:00","date_gmt":"2021-01-17T11:55:00","guid":{"rendered":"https:\/\/plauserspeckladele.it\/?post_type=product&#038;p=1301"},"modified":"2023-03-22T16:18:32","modified_gmt":"2023-03-22T15:18:32","slug":"leiten-gewuerztraminer-kellerei-nals-margreid","status":"publish","type":"product","link":"https:\/\/plauserspeckladele.it\/?product=leiten-gewuerztraminer-kellerei-nals-margreid","title":{"rendered":"LEITEN Gew\u00fcrztraminer Kellerei Nals Margreid"},"content":{"rendered":"<p>Angebaut in seinem Ursprungsgebiet entfaltet unser LEITEN Gew\u00fcrztraminer seine einzigartige Wesensart: Die aromatische, geruchliche F\u00fclle mit Noten von Gew\u00fcrznelken und Rosen, und die harmonische, geschmackliche Struktur mit langanhaltendem Abgang machen ihn zu einem herrlichen Aperitifwein, aber auch zu einem markanten Begleiter von Krustentieren, Hummer und Krabben, kr\u00e4ftigen Fischspeisen und w\u00fcrzigen asiatischen Gerichten.<\/p>\n<p>Im S\u00fcdtiroler Unterland liegt der Weinbauort S\u00f6ll direkt im namhaften Tramin. Und wo k\u00f6nnten unsere Gew\u00fcrztraminer besser gedeihen als an ihrem Ursprungsort mit seinen Kalkb\u00f6den und tiefgr\u00fcndigem Lehmschotter.<\/p>\n","protected":false},"excerpt":{"rendered":"<p>Angebaut in seinem Ursprungsgebiet entfaltet unser LEITEN Gew\u00fcrztraminer seine einzigartige Wesensart: Die aromatische, geruchliche F\u00fclle mit Noten von Gew\u00fcrznelken und Rosen, und die harmonische, geschmackliche Struktur mit langanhaltendem Abgang machen&#8230;<\/p>\n","protected":false},"featured_media":2012,"comment_status":"closed","ping_status":"closed","template":"","meta":[],"product_brand":[],"product_cat":[43],"product_tag":[],"class_list":{"0":"post-1301","1":"product","2":"type-product","3":"status-publish","4":"has-post-thumbnail","6":"product_cat-suedtiroler-weine","8":"first","9":"instock","10":"taxable","11":"shipping-taxable","12":"purchasable","13":"product-type-simple"},"_links":{"self":[{"href":"https:\/\/plauserspeckladele.it\/index.php?rest_route=\/wp\/v2\/product\/1301","targetHints":{"allow":["GET"]}}],"collection":[{"href":"https:\/\/plauserspeckladele.it\/index.php?rest_route=\/wp\/v2\/product"}],"about":[{"href":"https:\/\/plauserspeckladele.it\/index.php?rest_route=\/wp\/v2\/types\/product"}],"replies":[{"embeddable":true,"href":"https:\/\/plauserspeckladele.it\/index.php?rest_route=%2Fwp%2Fv2%2Fcomments&post=1301"}],"wp:featuredmedia":[{"embeddable":true,"href":"https:\/\/plauserspeckladele.it\/index.php?rest_route=\/wp\/v2\/media\/2012"}],"wp:attachment":[{"href":"https:\/\/plauserspeckladele.it\/index.php?rest_route=%2Fwp%2Fv2%2Fmedia&parent=1301"}],"wp:term":[{"taxonomy":"product_brand","embeddable":true,"href":"https:\/\/plauserspeckladele.it\/index.php?rest_route=%2Fwp%2Fv2%2Fproduct_brand&post=1301"},{"taxonomy":"product_cat","embeddable":true,"href":"https:\/\/plauserspeckladele.it\/index.php?rest_route=%2Fwp%2Fv2%2Fproduct_cat&post=1301"},{"taxonomy":"product_tag","embeddable":true,"href":"https:\/\/plauserspeckladele.it\/index.php?rest_route=%2Fwp%2Fv2%2Fproduct_tag&post=1301"}],"curies":[{"name":"wp","href":"https:\/\/api.w.org\/{rel}","templated":true}]}}