{"id":1305,"date":"2021-01-17T13:07:28","date_gmt":"2021-01-17T12:12:56","guid":{"rendered":"https:\/\/plauserspeckladele.it\/produkt\/nm-cuvee-chardonnay-sauvignon-cantina-nals-margreid\/"},"modified":"2021-01-17T13:13:00","modified_gmt":"2021-01-17T12:13:00","slug":"nm-cuvee-chardonnay-sauvignon-kellerei-nals-margreid","status":"publish","type":"product","link":"https:\/\/plauserspeckladele.it\/?product=nm-cuvee-chardonnay-sauvignon-kellerei-nals-margreid&lang=it","title":{"rendered":"NM Cuv\u00e9e Chardonnay Sauvignon Cantina Nals Margreid"},"content":{"rendered":"<p>\u201cNM\u201d, Nals Margreid, indica la zona d\u2019origine dei vitigni raggruppati in questo vino. \u201cNM\u201d \u00e8 una Cuv\u00e9e di 70% Chardonnay e 30% Sauvignon. I suoli di sabbia e ghiaia calcarea a Magr\u00e8 e la variet\u00e0 minerale nei suoli, principalmente composti da accumulazioni ghiaiose, a Nalles garantiscono la freschezza alpina.<\/p>\n<p>Il bouquet fruttato rivela note di agrumi ed esprime la tipicit\u00e0 dei vini bianchi di Nals Margreid. La vendemmia avviene manualmente ed \u00e8 seguita di una pigiatura delicata.<\/p>\n<p>Il Sauvignon, dopo una breve macerazione in pressa, e il Chardonnay sono fermentati in tini d\u2019acciaio. L\u2019affinamento sui lieviti fini in serbatoi d\u2019acciaio e l\u2019imbottigliamento in borgognotta con il tappo a vite concludono la produzione del \u201cNM\u201d.<\/p>\n","protected":false},"excerpt":{"rendered":"<p>\u201cNM\u201d, Nals Margreid, indica la zona d\u2019origine dei vitigni raggruppati in questo vino. \u201cNM\u201d \u00e8 una Cuv\u00e9e di 70% Chardonnay e 30% Sauvignon. I suoli di sabbia e ghiaia calcarea&#8230;<\/p>\n","protected":false},"featured_media":2015,"comment_status":"closed","ping_status":"closed","template":"","meta":[],"product_brand":[],"product_cat":[47],"product_tag":[],"class_list":{"0":"post-1305","1":"product","2":"type-product","3":"status-publish","4":"has-post-thumbnail","6":"product_cat-vino-dellalto-adige","8":"first","9":"instock","10":"taxable","11":"shipping-taxable","12":"purchasable","13":"product-type-simple"},"_links":{"self":[{"href":"https:\/\/plauserspeckladele.it\/index.php?rest_route=\/wp\/v2\/product\/1305","targetHints":{"allow":["GET"]}}],"collection":[{"href":"https:\/\/plauserspeckladele.it\/index.php?rest_route=\/wp\/v2\/product"}],"about":[{"href":"https:\/\/plauserspeckladele.it\/index.php?rest_route=\/wp\/v2\/types\/product"}],"replies":[{"embeddable":true,"href":"https:\/\/plauserspeckladele.it\/index.php?rest_route=%2Fwp%2Fv2%2Fcomments&post=1305"}],"wp:featuredmedia":[{"embeddable":true,"href":"https:\/\/plauserspeckladele.it\/index.php?rest_route=\/wp\/v2\/media\/2015"}],"wp:attachment":[{"href":"https:\/\/plauserspeckladele.it\/index.php?rest_route=%2Fwp%2Fv2%2Fmedia&parent=1305"}],"wp:term":[{"taxonomy":"product_brand","embeddable":true,"href":"https:\/\/plauserspeckladele.it\/index.php?rest_route=%2Fwp%2Fv2%2Fproduct_brand&post=1305"},{"taxonomy":"product_cat","embeddable":true,"href":"https:\/\/plauserspeckladele.it\/index.php?rest_route=%2Fwp%2Fv2%2Fproduct_cat&post=1305"},{"taxonomy":"product_tag","embeddable":true,"href":"https:\/\/plauserspeckladele.it\/index.php?rest_route=%2Fwp%2Fv2%2Fproduct_tag&post=1305"}],"curies":[{"name":"wp","href":"https:\/\/api.w.org\/{rel}","templated":true}]}}