{"id":1310,"date":"2021-01-17T14:01:43","date_gmt":"2021-01-17T13:01:43","guid":{"rendered":"https:\/\/plauserspeckladele.it\/?post_type=product&#038;p=1310"},"modified":"2023-03-22T16:16:30","modified_gmt":"2023-03-22T15:16:30","slug":"stein-sauvignon-kellerei-nals-margreid","status":"publish","type":"product","link":"https:\/\/plauserspeckladele.it\/?product=stein-sauvignon-kellerei-nals-margreid","title":{"rendered":"STEIN Sauvignon Kellerei Nals Margreid"},"content":{"rendered":"<p>Der deutliche Temperaturunterschied zwischen Tag und Nacht im Anbaugebiet verleiht unserem STEIN Sauvignon seine kraftvolle, aromatische F\u00fclle und frische Struktur. Der rassige, frisch-fruchtige Wein mit dem animierenden Duft von Pampelmusen und Hollunder schmeckt vorz\u00fcglich als Aperitifwein oder als Begleiter zu Vorspeisen, vor allem solchen auf Gem\u00fcsebasis, Nudelgerichten sowie zu Fischspeisen.<\/p>\n<p>Auf dem 150 Meter starken Schuttkegel aus 30% Porphyr- und 70% Kalkschotter finden sich mit seinen hei\u00dfen Tagen und k\u00fchlen N\u00e4chten ideale Bedingungen f\u00fcr unseren Sauvignon.<\/p>\n","protected":false},"excerpt":{"rendered":"<p>Der deutliche Temperaturunterschied zwischen Tag und Nacht im Anbaugebiet verleiht unserem STEIN Sauvignon seine kraftvolle, aromatische F\u00fclle und frische Struktur. Der rassige, frisch-fruchtige Wein mit dem animierenden Duft von Pampelmusen&#8230;<\/p>\n","protected":false},"featured_media":2028,"comment_status":"closed","ping_status":"closed","template":"","meta":[],"product_brand":[],"product_cat":[43],"product_tag":[],"class_list":{"0":"post-1310","1":"product","2":"type-product","3":"status-publish","4":"has-post-thumbnail","6":"product_cat-suedtiroler-weine","8":"first","9":"instock","10":"taxable","11":"shipping-taxable","12":"purchasable","13":"product-type-simple"},"_links":{"self":[{"href":"https:\/\/plauserspeckladele.it\/index.php?rest_route=\/wp\/v2\/product\/1310","targetHints":{"allow":["GET"]}}],"collection":[{"href":"https:\/\/plauserspeckladele.it\/index.php?rest_route=\/wp\/v2\/product"}],"about":[{"href":"https:\/\/plauserspeckladele.it\/index.php?rest_route=\/wp\/v2\/types\/product"}],"replies":[{"embeddable":true,"href":"https:\/\/plauserspeckladele.it\/index.php?rest_route=%2Fwp%2Fv2%2Fcomments&post=1310"}],"wp:featuredmedia":[{"embeddable":true,"href":"https:\/\/plauserspeckladele.it\/index.php?rest_route=\/wp\/v2\/media\/2028"}],"wp:attachment":[{"href":"https:\/\/plauserspeckladele.it\/index.php?rest_route=%2Fwp%2Fv2%2Fmedia&parent=1310"}],"wp:term":[{"taxonomy":"product_brand","embeddable":true,"href":"https:\/\/plauserspeckladele.it\/index.php?rest_route=%2Fwp%2Fv2%2Fproduct_brand&post=1310"},{"taxonomy":"product_cat","embeddable":true,"href":"https:\/\/plauserspeckladele.it\/index.php?rest_route=%2Fwp%2Fv2%2Fproduct_cat&post=1310"},{"taxonomy":"product_tag","embeddable":true,"href":"https:\/\/plauserspeckladele.it\/index.php?rest_route=%2Fwp%2Fv2%2Fproduct_tag&post=1310"}],"curies":[{"name":"wp","href":"https:\/\/api.w.org\/{rel}","templated":true}]}}