{"id":1345,"date":"2021-01-20T18:11:11","date_gmt":"2021-01-20T17:11:11","guid":{"rendered":"https:\/\/plauserspeckladele.it\/?post_type=product&#038;p=1345"},"modified":"2023-03-02T16:51:55","modified_gmt":"2023-03-02T15:51:55","slug":"eierteig-tagliatelle-eggerhof","status":"publish","type":"product","link":"https:\/\/plauserspeckladele.it\/?product=eierteig-tagliatelle-eggerhof","title":{"rendered":"Eierteig Tagliatelle Eggerhof"},"content":{"rendered":"<p>Serviervorschlag:<br \/>\nWildragout; Pilze; junger Spinat, Mascarpone und Parmesan; Lachs und Zitronenmelisse; Brokkoli, Pfifferlinge und Waln\u00fcsse; Carbonara; Knoblauch-Rosmarinbutter<\/p>\n<p>Zubereitung:<br \/>\nPackungsinhalt in ca. 3 Liter kochendes Salzwasser (2 EL grobes Salz) sch\u00fctten, umr\u00fchren, ca. 7 Minuten bis zur gew\u00fcnschten Bissfestigkeit kochen. Wasser abgie\u00dfen. Sie k\u00f6nnen die Nudeln mit Ihrem Lieblingssugo f\u00fcllen und nach Belieben mit K\u00e4se bestreuen.<\/p>\n<p>Zutaten:<br \/>\nHartweizengrie\u00df, 35% frische EIER<\/p>\n<p>Schon gewusst:<br \/>\nDie Eier f\u00fcr die Nudeln stammen vom gleichnamigen Partner. Die H\u00fchner werden artgerecht in Freilandhaltung gehalten. Zudem wird nur gentechnikfreies Futter verwendet und das Wohl der Tiere steht an erster Stelle.<\/p>\n","protected":false},"excerpt":{"rendered":"<p>Serviervorschlag: Wildragout; Pilze; junger Spinat, Mascarpone und Parmesan; Lachs und Zitronenmelisse; Brokkoli, Pfifferlinge und Waln\u00fcsse; Carbonara; Knoblauch-Rosmarinbutter Zubereitung: Packungsinhalt in ca. 3 Liter kochendes Salzwasser (2 EL grobes Salz) sch\u00fctten,&#8230;<\/p>\n","protected":false},"featured_media":1346,"comment_status":"closed","ping_status":"closed","template":"","meta":[],"product_brand":[],"product_cat":[49],"product_tag":[],"class_list":{"0":"post-1345","1":"product","2":"type-product","3":"status-publish","4":"has-post-thumbnail","6":"product_cat-teigwaren-gewuerze","8":"first","9":"instock","10":"taxable","11":"shipping-taxable","12":"purchasable","13":"product-type-simple"},"_links":{"self":[{"href":"https:\/\/plauserspeckladele.it\/index.php?rest_route=\/wp\/v2\/product\/1345","targetHints":{"allow":["GET"]}}],"collection":[{"href":"https:\/\/plauserspeckladele.it\/index.php?rest_route=\/wp\/v2\/product"}],"about":[{"href":"https:\/\/plauserspeckladele.it\/index.php?rest_route=\/wp\/v2\/types\/product"}],"replies":[{"embeddable":true,"href":"https:\/\/plauserspeckladele.it\/index.php?rest_route=%2Fwp%2Fv2%2Fcomments&post=1345"}],"wp:featuredmedia":[{"embeddable":true,"href":"https:\/\/plauserspeckladele.it\/index.php?rest_route=\/wp\/v2\/media\/1346"}],"wp:attachment":[{"href":"https:\/\/plauserspeckladele.it\/index.php?rest_route=%2Fwp%2Fv2%2Fmedia&parent=1345"}],"wp:term":[{"taxonomy":"product_brand","embeddable":true,"href":"https:\/\/plauserspeckladele.it\/index.php?rest_route=%2Fwp%2Fv2%2Fproduct_brand&post=1345"},{"taxonomy":"product_cat","embeddable":true,"href":"https:\/\/plauserspeckladele.it\/index.php?rest_route=%2Fwp%2Fv2%2Fproduct_cat&post=1345"},{"taxonomy":"product_tag","embeddable":true,"href":"https:\/\/plauserspeckladele.it\/index.php?rest_route=%2Fwp%2Fv2%2Fproduct_tag&post=1345"}],"curies":[{"name":"wp","href":"https:\/\/api.w.org\/{rel}","templated":true}]}}