{"id":1349,"date":"2021-01-20T18:37:53","date_gmt":"2021-01-20T17:37:53","guid":{"rendered":"https:\/\/plauserspeckladele.it\/?post_type=product&#038;p=1349"},"modified":"2023-03-02T16:51:35","modified_gmt":"2023-03-02T15:51:35","slug":"baerlauch-fettuccine-eggerhof","status":"publish","type":"product","link":"https:\/\/plauserspeckladele.it\/?product=baerlauch-fettuccine-eggerhof","title":{"rendered":"B\u00e4rlauch Fettuccine Eggerhof"},"content":{"rendered":"<p>F\u00fcr die Herstellung der gr\u00fcnen Bandnudeln wird eine Mischung aus fein gemahlenem B\u00e4rlauch, Thymian und Rosmarin verwendet. Abschlie\u00dfend werden die B\u00e4rlauchbandnudel elegant in eine Nestform gebracht.<\/p>\n<p>Serviervorschlag:<br \/>\nTomaten-Lauchsauce<\/p>\n<p>Zubereitung:<br \/>\nKochen Sie die Nudeln in ca. 3 Liter Salzwasser (2 EL grobes Salz) f\u00fcr ca. 7 Minuten und r\u00fchren sie gelegentlich um. Wasser abgie\u00dfen und nach Belieben Sugo hinzugeben, salzen, pfeffern und fertig ist Ihr Pastagericht. <\/p>\n<p>Zutaten:<br \/>\nHartweizengriess<br \/>\n20 % frisches Freilandei, Wasser, B\u00e4rlauch gemahlen, Thymian gemahlen und Rosmarin gemahlen.<\/p>\n<p>Schon gewusst:<br \/>\nDie Wirkung auf den menschlichen Organismus ist \u00e4hnlich wie die des Knoblauchs. Er wirkt anregend auf den Appetit, treibt die Gallenproduktion an und wirkt allgemein f\u00f6rdernd auf die Verdauung. Die Gef\u00e4\u00dfe werden durch den B\u00e4rlauch erweitert, der Cholesterinspiegel wird gesenkt.\t\t\t\t\t\t<\/p>\n","protected":false},"excerpt":{"rendered":"<p>F\u00fcr die Herstellung der gr\u00fcnen Bandnudeln wird eine Mischung aus fein gemahlenem B\u00e4rlauch, Thymian und Rosmarin verwendet. Abschlie\u00dfend werden die B\u00e4rlauchbandnudel elegant in eine Nestform gebracht. Serviervorschlag: Tomaten-Lauchsauce Zubereitung: Kochen&#8230;<\/p>\n","protected":false},"featured_media":1350,"comment_status":"closed","ping_status":"closed","template":"","meta":[],"product_brand":[],"product_cat":[49],"product_tag":[],"class_list":{"0":"post-1349","1":"product","2":"type-product","3":"status-publish","4":"has-post-thumbnail","6":"product_cat-teigwaren-gewuerze","8":"first","9":"instock","10":"taxable","11":"shipping-taxable","12":"purchasable","13":"product-type-simple"},"_links":{"self":[{"href":"https:\/\/plauserspeckladele.it\/index.php?rest_route=\/wp\/v2\/product\/1349","targetHints":{"allow":["GET"]}}],"collection":[{"href":"https:\/\/plauserspeckladele.it\/index.php?rest_route=\/wp\/v2\/product"}],"about":[{"href":"https:\/\/plauserspeckladele.it\/index.php?rest_route=\/wp\/v2\/types\/product"}],"replies":[{"embeddable":true,"href":"https:\/\/plauserspeckladele.it\/index.php?rest_route=%2Fwp%2Fv2%2Fcomments&post=1349"}],"wp:featuredmedia":[{"embeddable":true,"href":"https:\/\/plauserspeckladele.it\/index.php?rest_route=\/wp\/v2\/media\/1350"}],"wp:attachment":[{"href":"https:\/\/plauserspeckladele.it\/index.php?rest_route=%2Fwp%2Fv2%2Fmedia&parent=1349"}],"wp:term":[{"taxonomy":"product_brand","embeddable":true,"href":"https:\/\/plauserspeckladele.it\/index.php?rest_route=%2Fwp%2Fv2%2Fproduct_brand&post=1349"},{"taxonomy":"product_cat","embeddable":true,"href":"https:\/\/plauserspeckladele.it\/index.php?rest_route=%2Fwp%2Fv2%2Fproduct_cat&post=1349"},{"taxonomy":"product_tag","embeddable":true,"href":"https:\/\/plauserspeckladele.it\/index.php?rest_route=%2Fwp%2Fv2%2Fproduct_tag&post=1349"}],"curies":[{"name":"wp","href":"https:\/\/api.w.org\/{rel}","templated":true}]}}