{"id":1357,"date":"2021-01-21T11:09:09","date_gmt":"2021-01-21T10:09:09","guid":{"rendered":"https:\/\/plauserspeckladele.it\/?post_type=product&#038;p=1357"},"modified":"2023-03-02T16:51:16","modified_gmt":"2023-03-02T15:51:16","slug":"kastanien-fettuccine-eggerhof","status":"publish","type":"product","link":"https:\/\/plauserspeckladele.it\/?product=kastanien-fettuccine-eggerhof","title":{"rendered":"Kastanien Fettuccine Eggerhof"},"content":{"rendered":"<p>Serviervorschlag: Kastaniennudeln mit Pilzsauce oder Waln\u00fcssen und Feigen, gerne auch mit Speck und Bergk\u00e4se. <\/p>\n<p>Zubereitung:<br \/>\nKochen Sie die Nudeln in ca. 3 Liter Salzwasser (2 EL grobes Salz) f\u00fcr ca. 7 Minuten und r\u00fchren sie gelegentlich um. Wasser abgie\u00dfen und nach Belieben Sugo hinzugeben, salzen, pfeffern und fertig ist Ihr Pastagericht.<\/p>\n<p>Zutaten:<br \/>\nKastanienmehl 28%, Hartweizengrie\u00df, Weizenmehl und Wasser<\/p>\n","protected":false},"excerpt":{"rendered":"<p>Serviervorschlag: Kastaniennudeln mit Pilzsauce oder Waln\u00fcssen und Feigen, gerne auch mit Speck und Bergk\u00e4se. Zubereitung: Kochen Sie die Nudeln in ca. 3 Liter Salzwasser (2 EL grobes Salz) f\u00fcr ca&#8230;.<\/p>\n","protected":false},"featured_media":1352,"comment_status":"closed","ping_status":"closed","template":"","meta":[],"product_brand":[],"product_cat":[49],"product_tag":[],"class_list":{"0":"post-1357","1":"product","2":"type-product","3":"status-publish","4":"has-post-thumbnail","6":"product_cat-teigwaren-gewuerze","8":"first","9":"instock","10":"taxable","11":"shipping-taxable","12":"purchasable","13":"product-type-simple"},"_links":{"self":[{"href":"https:\/\/plauserspeckladele.it\/index.php?rest_route=\/wp\/v2\/product\/1357","targetHints":{"allow":["GET"]}}],"collection":[{"href":"https:\/\/plauserspeckladele.it\/index.php?rest_route=\/wp\/v2\/product"}],"about":[{"href":"https:\/\/plauserspeckladele.it\/index.php?rest_route=\/wp\/v2\/types\/product"}],"replies":[{"embeddable":true,"href":"https:\/\/plauserspeckladele.it\/index.php?rest_route=%2Fwp%2Fv2%2Fcomments&post=1357"}],"wp:featuredmedia":[{"embeddable":true,"href":"https:\/\/plauserspeckladele.it\/index.php?rest_route=\/wp\/v2\/media\/1352"}],"wp:attachment":[{"href":"https:\/\/plauserspeckladele.it\/index.php?rest_route=%2Fwp%2Fv2%2Fmedia&parent=1357"}],"wp:term":[{"taxonomy":"product_brand","embeddable":true,"href":"https:\/\/plauserspeckladele.it\/index.php?rest_route=%2Fwp%2Fv2%2Fproduct_brand&post=1357"},{"taxonomy":"product_cat","embeddable":true,"href":"https:\/\/plauserspeckladele.it\/index.php?rest_route=%2Fwp%2Fv2%2Fproduct_cat&post=1357"},{"taxonomy":"product_tag","embeddable":true,"href":"https:\/\/plauserspeckladele.it\/index.php?rest_route=%2Fwp%2Fv2%2Fproduct_tag&post=1357"}],"curies":[{"name":"wp","href":"https:\/\/api.w.org\/{rel}","templated":true}]}}