{"id":1359,"date":"2021-01-21T11:24:06","date_gmt":"2021-01-21T10:24:06","guid":{"rendered":"https:\/\/plauserspeckladele.it\/?post_type=product&#038;p=1359"},"modified":"2023-03-02T16:50:55","modified_gmt":"2023-03-02T15:50:55","slug":"steinpilz-bandnudeln-eggerhof","status":"publish","type":"product","link":"https:\/\/plauserspeckladele.it\/?product=steinpilz-bandnudeln-eggerhof","title":{"rendered":"Steinpilz Bandnudeln Eggerhof"},"content":{"rendered":"<p>Serviervorschlag:<br \/>\n-Ziegenk\u00e4se und Rosmarin<br \/>\n-Lauch und Waln\u00fcsse<br \/>\n-Steinpilze und Rucola (Rauke)<br \/>\n-Mascarpone (oder Philadelphiak\u00e4se) und frische Kr\u00e4uter<\/p>\n<p>Zubereitung:<br \/>\nKochen Sie die Nudeln in ca. 3 Liter Salzwasser (2 EL grobes Salz) f\u00fcr ca. 7 Minuten und r\u00fchren sie gelegentlich um. Wasser abgie\u00dfen und nach Belieben Sugo hinzugeben, salzen, pfeffern und fertig ist Ihr Pastagericht.<\/p>\n<p>Zutaten:<br \/>\nHartweizengrie\u00df, 20% frische Freilandeier, Wasser, 2% Steinpilzpulver (Steinpilze, Salz, Gew\u00fcrze) und Petersilie<\/p>\n<p>Schon gewusst:<br \/>\nSteinpilze enthalten viele Vitamine und Mineralstoffe, wie Vitamin D, Vitamin E und Kalzium. <\/p>\n","protected":false},"excerpt":{"rendered":"<p>Serviervorschlag: -Ziegenk\u00e4se und Rosmarin -Lauch und Waln\u00fcsse -Steinpilze und Rucola (Rauke) -Mascarpone (oder Philadelphiak\u00e4se) und frische Kr\u00e4uter Zubereitung: Kochen Sie die Nudeln in ca. 3 Liter Salzwasser (2 EL grobes&#8230;<\/p>\n","protected":false},"featured_media":1354,"comment_status":"closed","ping_status":"closed","template":"","meta":[],"product_brand":[],"product_cat":[49],"product_tag":[],"class_list":{"0":"post-1359","1":"product","2":"type-product","3":"status-publish","4":"has-post-thumbnail","6":"product_cat-teigwaren-gewuerze","8":"first","9":"instock","10":"taxable","11":"shipping-taxable","12":"purchasable","13":"product-type-simple"},"_links":{"self":[{"href":"https:\/\/plauserspeckladele.it\/index.php?rest_route=\/wp\/v2\/product\/1359","targetHints":{"allow":["GET"]}}],"collection":[{"href":"https:\/\/plauserspeckladele.it\/index.php?rest_route=\/wp\/v2\/product"}],"about":[{"href":"https:\/\/plauserspeckladele.it\/index.php?rest_route=\/wp\/v2\/types\/product"}],"replies":[{"embeddable":true,"href":"https:\/\/plauserspeckladele.it\/index.php?rest_route=%2Fwp%2Fv2%2Fcomments&post=1359"}],"wp:featuredmedia":[{"embeddable":true,"href":"https:\/\/plauserspeckladele.it\/index.php?rest_route=\/wp\/v2\/media\/1354"}],"wp:attachment":[{"href":"https:\/\/plauserspeckladele.it\/index.php?rest_route=%2Fwp%2Fv2%2Fmedia&parent=1359"}],"wp:term":[{"taxonomy":"product_brand","embeddable":true,"href":"https:\/\/plauserspeckladele.it\/index.php?rest_route=%2Fwp%2Fv2%2Fproduct_brand&post=1359"},{"taxonomy":"product_cat","embeddable":true,"href":"https:\/\/plauserspeckladele.it\/index.php?rest_route=%2Fwp%2Fv2%2Fproduct_cat&post=1359"},{"taxonomy":"product_tag","embeddable":true,"href":"https:\/\/plauserspeckladele.it\/index.php?rest_route=%2Fwp%2Fv2%2Fproduct_tag&post=1359"}],"curies":[{"name":"wp","href":"https:\/\/api.w.org\/{rel}","templated":true}]}}