{"id":1363,"date":"2021-01-22T10:11:10","date_gmt":"2021-01-22T09:11:10","guid":{"rendered":"https:\/\/plauserspeckladele.it\/?post_type=product&#038;p=1363"},"modified":"2023-03-02T16:50:27","modified_gmt":"2023-03-02T15:50:27","slug":"heu-stroh-fettuccine-eggerhof","status":"publish","type":"product","link":"https:\/\/plauserspeckladele.it\/?product=heu-stroh-fettuccine-eggerhof","title":{"rendered":"Heu &#038; Stroh Fettuccine Eggerhof"},"content":{"rendered":"<p>Serviervorschlag:<br \/>\n&#8211; Speck und Gartenkr\u00e4uter<br \/>\n&#8211; Radicchio- K\u00e4sesauce<br \/>\n&#8211; Rohschinken, Zwiebeln und Rucola<br \/>\n&#8211; R\u00e4ucherlachs und N\u00fcssen<br \/>\n&#8211; Zwiebeln und Sardellen<\/p>\n<p>Zubereitung:<br \/>\nKochen Sie die Nudeln in ca. 3 Liter Salzwasser (2 EL grobes Salz) f\u00fcr ca. 7 Minuten und r\u00fchren sie gelegentlich um. Wasser abgie\u00dfen und nach Belieben Sugo hinzugeben, salzen, pfeffern und fertig ist Ihr Pastagericht.<\/p>\n<p>Zutaten:<br \/>\nEierteig: Hartweizengrie\u00df, 35% frische EIER<\/p>\n<p>B\u00e4rlauchnudeln: Hartweizengrie\u00df, 20% frische Eier, Wasser, 1,5% B\u00e4rlauch, Thymian und Rosmarin<\/p>\n<p>Schon gewusst:<br \/>\nAlle Teigwaren aus der Produktion des Eggerhofes werden ausschlie\u00dflich mit gentechnikfreiem Hartweizengrie\u00df im Naturproduktionsbetrieb des Eggerhofes hergestellt. Dabei werden je nach Sorte auch andere vollwertige Mehle verwendet wie Kamut, Dinkelvollkorn, Weizen\u2026, bei Bedarf auch aus biologischem Anbau. Alle Produkte werden ohne Farb- und Konservierungsstoffe hergestellt, sind also ein reines Naturprodukt. Die Zutaten werden soweit m\u00f6glich aus S\u00fcdtirol bezogen.<\/p>\n","protected":false},"excerpt":{"rendered":"<p>Serviervorschlag: &#8211; Speck und Gartenkr\u00e4uter &#8211; Radicchio- K\u00e4sesauce &#8211; Rohschinken, Zwiebeln und Rucola &#8211; R\u00e4ucherlachs und N\u00fcssen &#8211; Zwiebeln und Sardellen Zubereitung: Kochen Sie die Nudeln in ca. 3 Liter&#8230;<\/p>\n","protected":false},"featured_media":1364,"comment_status":"closed","ping_status":"closed","template":"","meta":[],"product_brand":[],"product_cat":[49],"product_tag":[],"class_list":{"0":"post-1363","1":"product","2":"type-product","3":"status-publish","4":"has-post-thumbnail","6":"product_cat-teigwaren-gewuerze","8":"first","9":"instock","10":"taxable","11":"shipping-taxable","12":"purchasable","13":"product-type-simple"},"_links":{"self":[{"href":"https:\/\/plauserspeckladele.it\/index.php?rest_route=\/wp\/v2\/product\/1363","targetHints":{"allow":["GET"]}}],"collection":[{"href":"https:\/\/plauserspeckladele.it\/index.php?rest_route=\/wp\/v2\/product"}],"about":[{"href":"https:\/\/plauserspeckladele.it\/index.php?rest_route=\/wp\/v2\/types\/product"}],"replies":[{"embeddable":true,"href":"https:\/\/plauserspeckladele.it\/index.php?rest_route=%2Fwp%2Fv2%2Fcomments&post=1363"}],"wp:featuredmedia":[{"embeddable":true,"href":"https:\/\/plauserspeckladele.it\/index.php?rest_route=\/wp\/v2\/media\/1364"}],"wp:attachment":[{"href":"https:\/\/plauserspeckladele.it\/index.php?rest_route=%2Fwp%2Fv2%2Fmedia&parent=1363"}],"wp:term":[{"taxonomy":"product_brand","embeddable":true,"href":"https:\/\/plauserspeckladele.it\/index.php?rest_route=%2Fwp%2Fv2%2Fproduct_brand&post=1363"},{"taxonomy":"product_cat","embeddable":true,"href":"https:\/\/plauserspeckladele.it\/index.php?rest_route=%2Fwp%2Fv2%2Fproduct_cat&post=1363"},{"taxonomy":"product_tag","embeddable":true,"href":"https:\/\/plauserspeckladele.it\/index.php?rest_route=%2Fwp%2Fv2%2Fproduct_tag&post=1363"}],"curies":[{"name":"wp","href":"https:\/\/api.w.org\/{rel}","templated":true}]}}