{"id":1367,"date":"2021-01-22T10:54:02","date_gmt":"2021-01-22T09:54:02","guid":{"rendered":"https:\/\/plauserspeckladele.it\/?post_type=product&#038;p=1367"},"modified":"2023-03-22T16:15:38","modified_gmt":"2023-03-22T15:15:38","slug":"amatriciana-mit-suedtiroler-speck-eggerhof","status":"publish","type":"product","link":"https:\/\/plauserspeckladele.it\/?product=amatriciana-mit-suedtiroler-speck-eggerhof","title":{"rendered":"Amatriciana mit S\u00fcdtiroler Speck Eggerhof"},"content":{"rendered":"","protected":false},"excerpt":{"rendered":"<p>Bei diesem Sugo handelt es sich um ein traditionelles Gericht der italienischen K\u00fcche, das heute aus Tomaten, sanft gebratener Guanciale bester Qualit\u00e4t und erlesenen Gew\u00fcrzen besteht. Die ideale Sauce f\u00fcr Spaghetti, Bucatini oder Rigattoni.<\/p>\n<p>Zutaten: Tomaten, S\u00fcdtiroler Speck, Zwiebeln, Tomatenmark, Knoblauch, Zucker, Salz, Sonnenblumen\u00f6l, Rotwein, Petersilie, Lorbeer, Pfeffer und Peperoncino. <\/p>\n","protected":false},"featured_media":1368,"comment_status":"closed","ping_status":"closed","template":"","meta":[],"product_brand":[],"product_cat":[36],"product_tag":[],"class_list":{"0":"post-1367","1":"product","2":"type-product","3":"status-publish","4":"has-post-thumbnail","6":"product_cat-antipasti","8":"first","9":"instock","10":"taxable","11":"shipping-taxable","12":"purchasable","13":"product-type-simple"},"_links":{"self":[{"href":"https:\/\/plauserspeckladele.it\/index.php?rest_route=\/wp\/v2\/product\/1367","targetHints":{"allow":["GET"]}}],"collection":[{"href":"https:\/\/plauserspeckladele.it\/index.php?rest_route=\/wp\/v2\/product"}],"about":[{"href":"https:\/\/plauserspeckladele.it\/index.php?rest_route=\/wp\/v2\/types\/product"}],"replies":[{"embeddable":true,"href":"https:\/\/plauserspeckladele.it\/index.php?rest_route=%2Fwp%2Fv2%2Fcomments&post=1367"}],"wp:featuredmedia":[{"embeddable":true,"href":"https:\/\/plauserspeckladele.it\/index.php?rest_route=\/wp\/v2\/media\/1368"}],"wp:attachment":[{"href":"https:\/\/plauserspeckladele.it\/index.php?rest_route=%2Fwp%2Fv2%2Fmedia&parent=1367"}],"wp:term":[{"taxonomy":"product_brand","embeddable":true,"href":"https:\/\/plauserspeckladele.it\/index.php?rest_route=%2Fwp%2Fv2%2Fproduct_brand&post=1367"},{"taxonomy":"product_cat","embeddable":true,"href":"https:\/\/plauserspeckladele.it\/index.php?rest_route=%2Fwp%2Fv2%2Fproduct_cat&post=1367"},{"taxonomy":"product_tag","embeddable":true,"href":"https:\/\/plauserspeckladele.it\/index.php?rest_route=%2Fwp%2Fv2%2Fproduct_tag&post=1367"}],"curies":[{"name":"wp","href":"https:\/\/api.w.org\/{rel}","templated":true}]}}