{"id":1372,"date":"2021-01-22T11:06:40","date_gmt":"2021-01-22T10:06:40","guid":{"rendered":"https:\/\/plauserspeckladele.it\/?post_type=product&#038;p=1372"},"modified":"2023-03-22T16:14:49","modified_gmt":"2023-03-22T15:14:49","slug":"ragu-bolognese-eggerhof","status":"publish","type":"product","link":"https:\/\/plauserspeckladele.it\/?product=ragu-bolognese-eggerhof","title":{"rendered":"Ragu Bolognese Eggerhof"},"content":{"rendered":"","protected":false},"excerpt":{"rendered":"<p>Die Ragout Saucen des Eggerhofs eignen sich f\u00fcr ein schnelles, leckeres Nudelgericht!<\/p>\n<p>Zutaten: Tomaten, S\u00fcdtiroler Rind- Schweinefleisch, Zwiebel, Karotten, Tomatenmark, Sellerie, Zucker, Salz, Rotwein, Knoblauch, Samen \u00d6l, Pfeffer, Rosmarin, Lorbeerbl\u00e4tter und Salbei.<\/p>\n","protected":false},"featured_media":1999,"comment_status":"closed","ping_status":"closed","template":"","meta":[],"product_brand":[],"product_cat":[36],"product_tag":[],"class_list":{"0":"post-1372","1":"product","2":"type-product","3":"status-publish","4":"has-post-thumbnail","6":"product_cat-antipasti","8":"first","9":"instock","10":"taxable","11":"shipping-taxable","12":"purchasable","13":"product-type-simple"},"_links":{"self":[{"href":"https:\/\/plauserspeckladele.it\/index.php?rest_route=\/wp\/v2\/product\/1372","targetHints":{"allow":["GET"]}}],"collection":[{"href":"https:\/\/plauserspeckladele.it\/index.php?rest_route=\/wp\/v2\/product"}],"about":[{"href":"https:\/\/plauserspeckladele.it\/index.php?rest_route=\/wp\/v2\/types\/product"}],"replies":[{"embeddable":true,"href":"https:\/\/plauserspeckladele.it\/index.php?rest_route=%2Fwp%2Fv2%2Fcomments&post=1372"}],"wp:featuredmedia":[{"embeddable":true,"href":"https:\/\/plauserspeckladele.it\/index.php?rest_route=\/wp\/v2\/media\/1999"}],"wp:attachment":[{"href":"https:\/\/plauserspeckladele.it\/index.php?rest_route=%2Fwp%2Fv2%2Fmedia&parent=1372"}],"wp:term":[{"taxonomy":"product_brand","embeddable":true,"href":"https:\/\/plauserspeckladele.it\/index.php?rest_route=%2Fwp%2Fv2%2Fproduct_brand&post=1372"},{"taxonomy":"product_cat","embeddable":true,"href":"https:\/\/plauserspeckladele.it\/index.php?rest_route=%2Fwp%2Fv2%2Fproduct_cat&post=1372"},{"taxonomy":"product_tag","embeddable":true,"href":"https:\/\/plauserspeckladele.it\/index.php?rest_route=%2Fwp%2Fv2%2Fproduct_tag&post=1372"}],"curies":[{"name":"wp","href":"https:\/\/api.w.org\/{rel}","templated":true}]}}