{"id":1375,"date":"2021-01-22T11:23:19","date_gmt":"2021-01-22T10:23:19","guid":{"rendered":"https:\/\/plauserspeckladele.it\/?post_type=product&#038;p=1375"},"modified":"2023-03-22T16:14:31","modified_gmt":"2023-03-22T15:14:31","slug":"gemueseragout-eggerhof","status":"publish","type":"product","link":"https:\/\/plauserspeckladele.it\/?product=gemueseragout-eggerhof","title":{"rendered":"Gem\u00fcseragout Eggerhof"},"content":{"rendered":"","protected":false},"excerpt":{"rendered":"<p>Der Eggerhof, welcher 1200 m.\u00fc.M. in Aldein liegt, stellt erstklassige S\u00fcdtiroler Spezialit\u00e4ten her, die den einheimischen Traditionen alle Ehre machen. Frische Nudeln, Freilandeier und Saucen sind nur einige der Genusskreationen vom Hof!<\/p>\n<p>Zutaten: Tomaten, Karotten, Auberginen, Zwiebel, Sellerie, Zucchini,  Paprika, Erbsen, Tomatenmark, Rotwein, Salz, Zucker, Pfeffer, Basilikum, Rosmarin, Origano und Lorbeerbl\u00e4tter. <\/p>\n","protected":false},"featured_media":1377,"comment_status":"closed","ping_status":"closed","template":"","meta":[],"product_brand":[],"product_cat":[36],"product_tag":[],"class_list":{"0":"post-1375","1":"product","2":"type-product","3":"status-publish","4":"has-post-thumbnail","6":"product_cat-antipasti","8":"first","9":"instock","10":"taxable","11":"shipping-taxable","12":"purchasable","13":"product-type-simple"},"_links":{"self":[{"href":"https:\/\/plauserspeckladele.it\/index.php?rest_route=\/wp\/v2\/product\/1375","targetHints":{"allow":["GET"]}}],"collection":[{"href":"https:\/\/plauserspeckladele.it\/index.php?rest_route=\/wp\/v2\/product"}],"about":[{"href":"https:\/\/plauserspeckladele.it\/index.php?rest_route=\/wp\/v2\/types\/product"}],"replies":[{"embeddable":true,"href":"https:\/\/plauserspeckladele.it\/index.php?rest_route=%2Fwp%2Fv2%2Fcomments&post=1375"}],"wp:featuredmedia":[{"embeddable":true,"href":"https:\/\/plauserspeckladele.it\/index.php?rest_route=\/wp\/v2\/media\/1377"}],"wp:attachment":[{"href":"https:\/\/plauserspeckladele.it\/index.php?rest_route=%2Fwp%2Fv2%2Fmedia&parent=1375"}],"wp:term":[{"taxonomy":"product_brand","embeddable":true,"href":"https:\/\/plauserspeckladele.it\/index.php?rest_route=%2Fwp%2Fv2%2Fproduct_brand&post=1375"},{"taxonomy":"product_cat","embeddable":true,"href":"https:\/\/plauserspeckladele.it\/index.php?rest_route=%2Fwp%2Fv2%2Fproduct_cat&post=1375"},{"taxonomy":"product_tag","embeddable":true,"href":"https:\/\/plauserspeckladele.it\/index.php?rest_route=%2Fwp%2Fv2%2Fproduct_tag&post=1375"}],"curies":[{"name":"wp","href":"https:\/\/api.w.org\/{rel}","templated":true}]}}