{"id":1380,"date":"2021-01-22T11:35:28","date_gmt":"2021-01-22T10:35:28","guid":{"rendered":"https:\/\/plauserspeckladele.it\/?post_type=product&#038;p=1380"},"modified":"2023-03-22T16:14:08","modified_gmt":"2023-03-22T15:14:08","slug":"hirschragout-eggerhof","status":"publish","type":"product","link":"https:\/\/plauserspeckladele.it\/?product=hirschragout-eggerhof","title":{"rendered":"Hirschragout Eggerhof"},"content":{"rendered":"","protected":false},"excerpt":{"rendered":"<p>Das Hirschragout vom Eggerhof ist genau das Richtige f\u00fcr Freunde des Wildgeschmacks. Wildragouts sind eine jahrhundertealte Spezialit\u00e4t in den Bergregionen Italiens, da die Hauptzutat daf\u00fcr dort ihr nat\u00fcrliches Habitat hat.<\/p>\n<p>Zutaten: Hirschfleisch, Karotten, Zwiebel, Sellerie, Tomatenmark, Preiselbeeren, Rotwein, Samen \u00d6l, Salz, Knoblauch, Rosmarin, Salbei, Pfeffer, Wacholder und Lorbeerbl\u00e4tter. <\/p>\n","protected":false},"featured_media":1381,"comment_status":"closed","ping_status":"closed","template":"","meta":[],"product_brand":[],"product_cat":[36],"product_tag":[],"class_list":{"0":"post-1380","1":"product","2":"type-product","3":"status-publish","4":"has-post-thumbnail","6":"product_cat-antipasti","8":"first","9":"instock","10":"taxable","11":"shipping-taxable","12":"purchasable","13":"product-type-simple"},"_links":{"self":[{"href":"https:\/\/plauserspeckladele.it\/index.php?rest_route=\/wp\/v2\/product\/1380","targetHints":{"allow":["GET"]}}],"collection":[{"href":"https:\/\/plauserspeckladele.it\/index.php?rest_route=\/wp\/v2\/product"}],"about":[{"href":"https:\/\/plauserspeckladele.it\/index.php?rest_route=\/wp\/v2\/types\/product"}],"replies":[{"embeddable":true,"href":"https:\/\/plauserspeckladele.it\/index.php?rest_route=%2Fwp%2Fv2%2Fcomments&post=1380"}],"wp:featuredmedia":[{"embeddable":true,"href":"https:\/\/plauserspeckladele.it\/index.php?rest_route=\/wp\/v2\/media\/1381"}],"wp:attachment":[{"href":"https:\/\/plauserspeckladele.it\/index.php?rest_route=%2Fwp%2Fv2%2Fmedia&parent=1380"}],"wp:term":[{"taxonomy":"product_brand","embeddable":true,"href":"https:\/\/plauserspeckladele.it\/index.php?rest_route=%2Fwp%2Fv2%2Fproduct_brand&post=1380"},{"taxonomy":"product_cat","embeddable":true,"href":"https:\/\/plauserspeckladele.it\/index.php?rest_route=%2Fwp%2Fv2%2Fproduct_cat&post=1380"},{"taxonomy":"product_tag","embeddable":true,"href":"https:\/\/plauserspeckladele.it\/index.php?rest_route=%2Fwp%2Fv2%2Fproduct_tag&post=1380"}],"curies":[{"name":"wp","href":"https:\/\/api.w.org\/{rel}","templated":true}]}}