{"id":1387,"date":"2021-01-22T11:40:46","date_gmt":"2021-01-22T10:43:26","guid":{"rendered":"https:\/\/plauserspeckladele.it\/produkt\/ragu-al-capriolo\/"},"modified":"2021-01-22T11:43:26","modified_gmt":"2021-01-22T10:43:26","slug":"rehragout-eggerhof-2","status":"publish","type":"product","link":"https:\/\/plauserspeckladele.it\/?product=rehragout-eggerhof-2&lang=it","title":{"rendered":"Rag\u00f9 al Capriolo"},"content":{"rendered":"","protected":false},"excerpt":{"rendered":"<p>Il sapore dolce del Rag\u00f9 di Capriolo del maso Eggerhof nasce da ingredienti di primissima qualit\u00e0. Questo rag\u00f9 \u00e8 ideale da gustare insieme a tagliatelle fresche o linguine.<\/p>\n<p>Ingridienti: carne di capriolo 60%, polpa di pomodoro 11%, carote 10,9%, cipolla, sedano, triplo concentrato di pomodoro 4,5%, vino, olio di semi vari, sale, aglio, zucchero, rosmarino, salvia, timo, pepe, ginepro, alloro e fecola di patate. <\/p>\n","protected":false},"featured_media":1386,"comment_status":"closed","ping_status":"closed","template":"","meta":[],"product_brand":[],"product_cat":[64],"product_tag":[],"class_list":{"0":"post-1387","1":"product","2":"type-product","3":"status-publish","4":"has-post-thumbnail","6":"product_cat-antipasti-it","8":"first","9":"instock","10":"taxable","11":"shipping-taxable","12":"purchasable","13":"product-type-simple"},"_links":{"self":[{"href":"https:\/\/plauserspeckladele.it\/index.php?rest_route=\/wp\/v2\/product\/1387","targetHints":{"allow":["GET"]}}],"collection":[{"href":"https:\/\/plauserspeckladele.it\/index.php?rest_route=\/wp\/v2\/product"}],"about":[{"href":"https:\/\/plauserspeckladele.it\/index.php?rest_route=\/wp\/v2\/types\/product"}],"replies":[{"embeddable":true,"href":"https:\/\/plauserspeckladele.it\/index.php?rest_route=%2Fwp%2Fv2%2Fcomments&post=1387"}],"wp:featuredmedia":[{"embeddable":true,"href":"https:\/\/plauserspeckladele.it\/index.php?rest_route=\/wp\/v2\/media\/1386"}],"wp:attachment":[{"href":"https:\/\/plauserspeckladele.it\/index.php?rest_route=%2Fwp%2Fv2%2Fmedia&parent=1387"}],"wp:term":[{"taxonomy":"product_brand","embeddable":true,"href":"https:\/\/plauserspeckladele.it\/index.php?rest_route=%2Fwp%2Fv2%2Fproduct_brand&post=1387"},{"taxonomy":"product_cat","embeddable":true,"href":"https:\/\/plauserspeckladele.it\/index.php?rest_route=%2Fwp%2Fv2%2Fproduct_cat&post=1387"},{"taxonomy":"product_tag","embeddable":true,"href":"https:\/\/plauserspeckladele.it\/index.php?rest_route=%2Fwp%2Fv2%2Fproduct_tag&post=1387"}],"curies":[{"name":"wp","href":"https:\/\/api.w.org\/{rel}","templated":true}]}}