{"id":1422,"date":"2021-01-27T16:26:18","date_gmt":"2021-01-27T15:26:18","guid":{"rendered":"https:\/\/plauserspeckladele.it\/?post_type=product&#038;p=1422"},"modified":"2024-12-12T11:12:49","modified_gmt":"2024-12-12T10:12:49","slug":"ortler-milchschokolade-mit-marillen-und-mandeln-walde","status":"publish","type":"product","link":"https:\/\/plauserspeckladele.it\/?product=ortler-milchschokolade-mit-marillen-und-mandeln-walde","title":{"rendered":"ORTLER Milchschokolade mit Marillen und Mandeln &#8211; Walde"},"content":{"rendered":"<p>Zutaten:<\/p>\n<p>Zucker, Kakaobutter,\u00a0<strong>Vollmilchpulver<\/strong>, Kakaobohnen,\u00a0<strong>Marillen<\/strong>\u00a0(mit Konservierungsmittel E220) und\u00a0<strong>Mandeln\u00a0<\/strong>10%, Emulgator:\u00a0<strong>Sojalecithin<\/strong>, Naturvanilleextrakt. Kann Spuren von\u00a0<strong>Schalenfr\u00fcchten\u00a0<\/strong>und\u00a0<strong>Eiproteine<\/strong> enthalten. Kakao: 35% mindestens im Schokoladenanteil.<\/p>\n","protected":false},"excerpt":{"rendered":"<p>Der Ortler ist mit einer H\u00f6he von 3.905 m die h\u00f6chste Erhebung der italienischen Provinz S\u00fcdtirol und der Region Tirol, er wird daher im Volksmund \u201cK\u00f6nig\u00a0<em>Ortler<\/em>\u201d genannt.<\/p>\n<p>&nbsp;<\/p>\n","protected":false},"featured_media":1425,"comment_status":"closed","ping_status":"closed","template":"","meta":[],"product_brand":[],"product_cat":[58],"product_tag":[],"class_list":{"0":"post-1422","1":"product","2":"type-product","3":"status-publish","4":"has-post-thumbnail","6":"product_cat-suedtiroler-schokolade","8":"first","9":"outofstock","10":"taxable","11":"shipping-taxable","12":"purchasable","13":"product-type-simple"},"_links":{"self":[{"href":"https:\/\/plauserspeckladele.it\/index.php?rest_route=\/wp\/v2\/product\/1422","targetHints":{"allow":["GET"]}}],"collection":[{"href":"https:\/\/plauserspeckladele.it\/index.php?rest_route=\/wp\/v2\/product"}],"about":[{"href":"https:\/\/plauserspeckladele.it\/index.php?rest_route=\/wp\/v2\/types\/product"}],"replies":[{"embeddable":true,"href":"https:\/\/plauserspeckladele.it\/index.php?rest_route=%2Fwp%2Fv2%2Fcomments&post=1422"}],"wp:featuredmedia":[{"embeddable":true,"href":"https:\/\/plauserspeckladele.it\/index.php?rest_route=\/wp\/v2\/media\/1425"}],"wp:attachment":[{"href":"https:\/\/plauserspeckladele.it\/index.php?rest_route=%2Fwp%2Fv2%2Fmedia&parent=1422"}],"wp:term":[{"taxonomy":"product_brand","embeddable":true,"href":"https:\/\/plauserspeckladele.it\/index.php?rest_route=%2Fwp%2Fv2%2Fproduct_brand&post=1422"},{"taxonomy":"product_cat","embeddable":true,"href":"https:\/\/plauserspeckladele.it\/index.php?rest_route=%2Fwp%2Fv2%2Fproduct_cat&post=1422"},{"taxonomy":"product_tag","embeddable":true,"href":"https:\/\/plauserspeckladele.it\/index.php?rest_route=%2Fwp%2Fv2%2Fproduct_tag&post=1422"}],"curies":[{"name":"wp","href":"https:\/\/api.w.org\/{rel}","templated":true}]}}