{"id":1435,"date":"2021-01-27T17:09:25","date_gmt":"2021-01-27T16:09:25","guid":{"rendered":"https:\/\/plauserspeckladele.it\/?post_type=product&#038;p=1435"},"modified":"2024-12-12T11:13:08","modified_gmt":"2024-12-12T10:13:08","slug":"meran-milchschokolade-mit-kraeuterblueten-walde","status":"publish","type":"product","link":"https:\/\/plauserspeckladele.it\/?product=meran-milchschokolade-mit-kraeuterblueten-walde","title":{"rendered":"MERAN Milchschokolade mit Kr\u00e4uterbl\u00fcten &#8211; Walde"},"content":{"rendered":"<p>Zutaten:<\/p>\n<p>Zucker, Kakaobutter, <strong>Vollmilchpulver<\/strong>, Kakaobohnen, Emulgator: <strong>Sojalecithin<\/strong>, Naturvanilleextrakt. Kann Spuren von <strong>Schalenfr\u00fcchten<\/strong> und <strong>Eiproteine<\/strong> enthalten. Kakao: 35% mindestens im Schokoladenanteil. Kr\u00e4uterbl\u00fcten.<\/p>\n","protected":false},"excerpt":{"rendered":"<p>Die Kurstadt Meran profitiert in vielerlei Hinsicht von seiner besonderen Lage: ganzj\u00e4hrig herrscht ein mildes Klima, bl\u00fchende G\u00e4rten treffen auf verschneite Gipfel, in der K\u00fcche finden sich mediterrane genauso wie alpine Zutaten wieder.<\/p>\n","protected":false},"featured_media":1436,"comment_status":"closed","ping_status":"closed","template":"","meta":[],"product_brand":[],"product_cat":[58],"product_tag":[],"class_list":{"0":"post-1435","1":"product","2":"type-product","3":"status-publish","4":"has-post-thumbnail","6":"product_cat-suedtiroler-schokolade","8":"first","9":"outofstock","10":"taxable","11":"shipping-taxable","12":"purchasable","13":"product-type-simple"},"_links":{"self":[{"href":"https:\/\/plauserspeckladele.it\/index.php?rest_route=\/wp\/v2\/product\/1435","targetHints":{"allow":["GET"]}}],"collection":[{"href":"https:\/\/plauserspeckladele.it\/index.php?rest_route=\/wp\/v2\/product"}],"about":[{"href":"https:\/\/plauserspeckladele.it\/index.php?rest_route=\/wp\/v2\/types\/product"}],"replies":[{"embeddable":true,"href":"https:\/\/plauserspeckladele.it\/index.php?rest_route=%2Fwp%2Fv2%2Fcomments&post=1435"}],"wp:featuredmedia":[{"embeddable":true,"href":"https:\/\/plauserspeckladele.it\/index.php?rest_route=\/wp\/v2\/media\/1436"}],"wp:attachment":[{"href":"https:\/\/plauserspeckladele.it\/index.php?rest_route=%2Fwp%2Fv2%2Fmedia&parent=1435"}],"wp:term":[{"taxonomy":"product_brand","embeddable":true,"href":"https:\/\/plauserspeckladele.it\/index.php?rest_route=%2Fwp%2Fv2%2Fproduct_brand&post=1435"},{"taxonomy":"product_cat","embeddable":true,"href":"https:\/\/plauserspeckladele.it\/index.php?rest_route=%2Fwp%2Fv2%2Fproduct_cat&post=1435"},{"taxonomy":"product_tag","embeddable":true,"href":"https:\/\/plauserspeckladele.it\/index.php?rest_route=%2Fwp%2Fv2%2Fproduct_tag&post=1435"}],"curies":[{"name":"wp","href":"https:\/\/api.w.org\/{rel}","templated":true}]}}