{"id":1486,"date":"2021-01-28T09:24:28","date_gmt":"2021-01-28T08:24:28","guid":{"rendered":"https:\/\/plauserspeckladele.it\/?post_type=product&#038;p=1486"},"modified":"2024-12-12T11:13:27","modified_gmt":"2024-12-12T10:13:27","slug":"lagazuoi-extra-dunkle-schokolade-98-walde","status":"publish","type":"product","link":"https:\/\/plauserspeckladele.it\/?product=lagazuoi-extra-dunkle-schokolade-98-walde","title":{"rendered":"LAGAZUOI Extra dunkle Schokolade 98% &#8211; Walde"},"content":{"rendered":"<p>Zutaten:<\/p>\n<p>Kakaobohnen, Zucker 2%.<\/p>\n<p>Kakao: 98% mindestens im Schokoladenanteil.<\/p>\n","protected":false},"excerpt":{"rendered":"<p>Der Lagazuoi, mit einer H\u00f6he von 2.835 m, liegt in einem der eindrucksvollsten Gebiete der Dolomiten und ist von hohem landschaftlichen und \u00f6kologischen Wert. Die italienischen und \u00f6sterreichischen Stollen und Sch\u00fctzengr\u00e4ben aus dem Ersten Weltkrieg, k\u00f6nnen dort heute noch besichtigt werden.<\/p>\n","protected":false},"featured_media":1487,"comment_status":"closed","ping_status":"closed","template":"","meta":[],"product_brand":[],"product_cat":[58],"product_tag":[],"class_list":{"0":"post-1486","1":"product","2":"type-product","3":"status-publish","4":"has-post-thumbnail","6":"product_cat-suedtiroler-schokolade","8":"first","9":"outofstock","10":"taxable","11":"shipping-taxable","12":"purchasable","13":"product-type-simple"},"_links":{"self":[{"href":"https:\/\/plauserspeckladele.it\/index.php?rest_route=\/wp\/v2\/product\/1486","targetHints":{"allow":["GET"]}}],"collection":[{"href":"https:\/\/plauserspeckladele.it\/index.php?rest_route=\/wp\/v2\/product"}],"about":[{"href":"https:\/\/plauserspeckladele.it\/index.php?rest_route=\/wp\/v2\/types\/product"}],"replies":[{"embeddable":true,"href":"https:\/\/plauserspeckladele.it\/index.php?rest_route=%2Fwp%2Fv2%2Fcomments&post=1486"}],"wp:featuredmedia":[{"embeddable":true,"href":"https:\/\/plauserspeckladele.it\/index.php?rest_route=\/wp\/v2\/media\/1487"}],"wp:attachment":[{"href":"https:\/\/plauserspeckladele.it\/index.php?rest_route=%2Fwp%2Fv2%2Fmedia&parent=1486"}],"wp:term":[{"taxonomy":"product_brand","embeddable":true,"href":"https:\/\/plauserspeckladele.it\/index.php?rest_route=%2Fwp%2Fv2%2Fproduct_brand&post=1486"},{"taxonomy":"product_cat","embeddable":true,"href":"https:\/\/plauserspeckladele.it\/index.php?rest_route=%2Fwp%2Fv2%2Fproduct_cat&post=1486"},{"taxonomy":"product_tag","embeddable":true,"href":"https:\/\/plauserspeckladele.it\/index.php?rest_route=%2Fwp%2Fv2%2Fproduct_tag&post=1486"}],"curies":[{"name":"wp","href":"https:\/\/api.w.org\/{rel}","templated":true}]}}