{"id":1499,"date":"2021-01-28T12:45:34","date_gmt":"2021-01-28T11:49:40","guid":{"rendered":"https:\/\/plauserspeckladele.it\/produkt\/gruppo-del-sella-cioccolato-fondente\/"},"modified":"2021-01-28T12:49:44","modified_gmt":"2021-01-28T11:49:44","slug":"sellagruppe-dunkle-schokolade-walde","status":"publish","type":"product","link":"https:\/\/plauserspeckladele.it\/?product=sellagruppe-dunkle-schokolade-walde&lang=it","title":{"rendered":"GRUPPO DEL SELLA cioccolato fondente"},"content":{"rendered":"<p>Ingredienti:<\/p>\n<p>fave di cacao, zucchero, burro di cacao, <strong>latte intero in polvere<\/strong>, estratto naturale di vaniglia, emulsionante: (<strong>lecitina di soia<\/strong>, E476). Pu\u00f2 contenere tracce di <strong>frutta secca a guscio<\/strong> e <strong>proteine dell\u2019uovo<\/strong>. Cacao: min. 70% nella parte del cioccolato.<\/p>\n","protected":false},"excerpt":{"rendered":"<p>Il Gruppo del Sella \u00e8 una catena montuosa delle Dolomiti, caratterizzata da un altopiano sulla sua sommit\u00e0. Si divide tra le province di Bolzano e Trento e il Veneto. Il punto pi\u00f9 alta della montagna<br \/>\n\u00e8 il Piz Bo\u00e8. In estate il Sellaronda \u00e8 un\u2019ambita meta turistica mentre in inverno offre la possibilit\u00e0 di effettuare il giro del massiccio sia in senso orario che antiorario. Popolare anche per le numerose vie di arrampicata.<\/p>\n","protected":false},"featured_media":1498,"comment_status":"closed","ping_status":"closed","template":"","meta":[],"product_brand":[],"product_cat":[60],"product_tag":[],"class_list":{"0":"post-1499","1":"product","2":"type-product","3":"status-publish","4":"has-post-thumbnail","6":"product_cat-suedtiroler-schokolade-it","8":"first","9":"outofstock","10":"taxable","11":"shipping-taxable","12":"purchasable","13":"product-type-simple"},"_links":{"self":[{"href":"https:\/\/plauserspeckladele.it\/index.php?rest_route=\/wp\/v2\/product\/1499","targetHints":{"allow":["GET"]}}],"collection":[{"href":"https:\/\/plauserspeckladele.it\/index.php?rest_route=\/wp\/v2\/product"}],"about":[{"href":"https:\/\/plauserspeckladele.it\/index.php?rest_route=\/wp\/v2\/types\/product"}],"replies":[{"embeddable":true,"href":"https:\/\/plauserspeckladele.it\/index.php?rest_route=%2Fwp%2Fv2%2Fcomments&post=1499"}],"wp:featuredmedia":[{"embeddable":true,"href":"https:\/\/plauserspeckladele.it\/index.php?rest_route=\/wp\/v2\/media\/1498"}],"wp:attachment":[{"href":"https:\/\/plauserspeckladele.it\/index.php?rest_route=%2Fwp%2Fv2%2Fmedia&parent=1499"}],"wp:term":[{"taxonomy":"product_brand","embeddable":true,"href":"https:\/\/plauserspeckladele.it\/index.php?rest_route=%2Fwp%2Fv2%2Fproduct_brand&post=1499"},{"taxonomy":"product_cat","embeddable":true,"href":"https:\/\/plauserspeckladele.it\/index.php?rest_route=%2Fwp%2Fv2%2Fproduct_cat&post=1499"},{"taxonomy":"product_tag","embeddable":true,"href":"https:\/\/plauserspeckladele.it\/index.php?rest_route=%2Fwp%2Fv2%2Fproduct_tag&post=1499"}],"curies":[{"name":"wp","href":"https:\/\/api.w.org\/{rel}","templated":true}]}}