{"id":1502,"date":"2021-01-29T12:51:55","date_gmt":"2021-01-29T11:51:55","guid":{"rendered":"https:\/\/plauserspeckladele.it\/?post_type=product&#038;p=1502"},"modified":"2021-01-29T13:06:32","modified_gmt":"2021-01-29T12:06:32","slug":"bio-apfelmarillensaft-aus-dem-vinschgau-2","status":"publish","type":"product","link":"https:\/\/plauserspeckladele.it\/?product=bio-apfelmarillensaft-aus-dem-vinschgau-2","title":{"rendered":"BIO Apfelmarillensaft aus dem Vinschgau"},"content":{"rendered":"","protected":false},"excerpt":{"rendered":"<p>Aus 80% Apfel und 20% Marillen kreieren wir einen cremig-fruchtigen und gesunden Traum: Die Marille enth\u00e4lt viel Provitamin A (Carotin), Vitamin B1, B2 und als Mineralstoff viel Kalium und Phosphor. Ideal als Kraftspender oder als leichtes Dessert.<br \/>\nEin Glas voller Sonnenstrahlen- s\u00fcndhaft s\u00fc\u00df und zum Genie\u00dfen.<br \/>\nMit Liebe produzierter, biologischer Saft aus S\u00fcdtirol \/ Vinschgau.<\/p>\n","protected":false},"featured_media":1447,"comment_status":"closed","ping_status":"closed","template":"","meta":[],"product_brand":[],"product_cat":[57],"product_tag":[],"class_list":{"0":"post-1502","1":"product","2":"type-product","3":"status-publish","4":"has-post-thumbnail","6":"product_cat-suedtiroler-saefte","8":"first","9":"instock","10":"taxable","11":"shipping-taxable","12":"purchasable","13":"product-type-simple"},"_links":{"self":[{"href":"https:\/\/plauserspeckladele.it\/index.php?rest_route=\/wp\/v2\/product\/1502","targetHints":{"allow":["GET"]}}],"collection":[{"href":"https:\/\/plauserspeckladele.it\/index.php?rest_route=\/wp\/v2\/product"}],"about":[{"href":"https:\/\/plauserspeckladele.it\/index.php?rest_route=\/wp\/v2\/types\/product"}],"replies":[{"embeddable":true,"href":"https:\/\/plauserspeckladele.it\/index.php?rest_route=%2Fwp%2Fv2%2Fcomments&post=1502"}],"wp:featuredmedia":[{"embeddable":true,"href":"https:\/\/plauserspeckladele.it\/index.php?rest_route=\/wp\/v2\/media\/1447"}],"wp:attachment":[{"href":"https:\/\/plauserspeckladele.it\/index.php?rest_route=%2Fwp%2Fv2%2Fmedia&parent=1502"}],"wp:term":[{"taxonomy":"product_brand","embeddable":true,"href":"https:\/\/plauserspeckladele.it\/index.php?rest_route=%2Fwp%2Fv2%2Fproduct_brand&post=1502"},{"taxonomy":"product_cat","embeddable":true,"href":"https:\/\/plauserspeckladele.it\/index.php?rest_route=%2Fwp%2Fv2%2Fproduct_cat&post=1502"},{"taxonomy":"product_tag","embeddable":true,"href":"https:\/\/plauserspeckladele.it\/index.php?rest_route=%2Fwp%2Fv2%2Fproduct_tag&post=1502"}],"curies":[{"name":"wp","href":"https:\/\/api.w.org\/{rel}","templated":true}]}}