{"id":1506,"date":"2021-01-29T13:09:05","date_gmt":"2021-01-29T12:09:05","guid":{"rendered":"https:\/\/plauserspeckladele.it\/?post_type=product&#038;p=1506"},"modified":"2021-01-29T13:15:05","modified_gmt":"2021-01-29T12:15:05","slug":"bio-apfeljohannisbeersaft-aus-dem-vinschgau-2","status":"publish","type":"product","link":"https:\/\/plauserspeckladele.it\/?product=bio-apfeljohannisbeersaft-aus-dem-vinschgau-2","title":{"rendered":"BIO Apfeljohannisbeersaft aus dem Vinschgau"},"content":{"rendered":"","protected":false},"excerpt":{"rendered":"<p>Die schwarze Johannisbeere ist eine Powerbeere: Sie enth\u00e4lt mehr Vitamin C als eine Zitrone und wirkt entz\u00fcndungshemmend. Das Ergebnis von 90% Apfel und 10% schwarzer Johannisbeere ist ein herrlich erfrischendes Getr\u00e4nk mit feiner Fruchts\u00e4ure.<br \/>\nEin Glas voller Sommernachtstr\u00e4ume \u2013 nahrhaft erfrischend und zum Genie\u00dfen.<br \/>\nMit Liebe produzierter, biologischer Saft aus S\u00fcdtirol\/ Vinschgau.<\/p>\n","protected":false},"featured_media":1451,"comment_status":"closed","ping_status":"closed","template":"","meta":[],"product_brand":[],"product_cat":[57],"product_tag":[],"class_list":{"0":"post-1506","1":"product","2":"type-product","3":"status-publish","4":"has-post-thumbnail","6":"product_cat-suedtiroler-saefte","8":"first","9":"instock","10":"taxable","11":"shipping-taxable","12":"purchasable","13":"product-type-simple"},"_links":{"self":[{"href":"https:\/\/plauserspeckladele.it\/index.php?rest_route=\/wp\/v2\/product\/1506","targetHints":{"allow":["GET"]}}],"collection":[{"href":"https:\/\/plauserspeckladele.it\/index.php?rest_route=\/wp\/v2\/product"}],"about":[{"href":"https:\/\/plauserspeckladele.it\/index.php?rest_route=\/wp\/v2\/types\/product"}],"replies":[{"embeddable":true,"href":"https:\/\/plauserspeckladele.it\/index.php?rest_route=%2Fwp%2Fv2%2Fcomments&post=1506"}],"wp:featuredmedia":[{"embeddable":true,"href":"https:\/\/plauserspeckladele.it\/index.php?rest_route=\/wp\/v2\/media\/1451"}],"wp:attachment":[{"href":"https:\/\/plauserspeckladele.it\/index.php?rest_route=%2Fwp%2Fv2%2Fmedia&parent=1506"}],"wp:term":[{"taxonomy":"product_brand","embeddable":true,"href":"https:\/\/plauserspeckladele.it\/index.php?rest_route=%2Fwp%2Fv2%2Fproduct_brand&post=1506"},{"taxonomy":"product_cat","embeddable":true,"href":"https:\/\/plauserspeckladele.it\/index.php?rest_route=%2Fwp%2Fv2%2Fproduct_cat&post=1506"},{"taxonomy":"product_tag","embeddable":true,"href":"https:\/\/plauserspeckladele.it\/index.php?rest_route=%2Fwp%2Fv2%2Fproduct_tag&post=1506"}],"curies":[{"name":"wp","href":"https:\/\/api.w.org\/{rel}","templated":true}]}}