{"id":1525,"date":"2020-12-08T18:54:45","date_gmt":"2021-01-30T08:12:37","guid":{"rendered":"https:\/\/plauserspeckladele.it\/produkt\/ortler\/"},"modified":"2021-01-30T09:12:38","modified_gmt":"2021-01-30T08:12:38","slug":"ortler","status":"publish","type":"product","link":"https:\/\/plauserspeckladele.it\/?product=ortler&lang=it","title":{"rendered":"Ortler"},"content":{"rendered":"","protected":false},"excerpt":{"rendered":"<p>Questo formaggio prende il nome dalla montagna pi\u00f9 alta dell&#8217;Alto Adige: il re Ortles. Il formaggio semiduro dolce \u00e8 racchiuso in una crosta compatta e cerosa. La pasta del formaggio \u00e8 di colore giallo paglierino chiaro, presentando al suo interno crepe e fessure. La consistenza al palato \u00e8 compatta, liscia e allo stesso tempo facilmente delicata. L&#8217;aroma del formaggio \u00e8 complessa, accompagnato da note di latte, nocciola e leggere pistacchio.<\/p>\n","protected":false},"featured_media":895,"comment_status":"closed","ping_status":"closed","template":"","meta":[],"product_brand":[],"product_cat":[53],"product_tag":[],"class_list":{"0":"post-1525","1":"product","2":"type-product","3":"status-publish","4":"has-post-thumbnail","6":"product_cat-formaggio-it","8":"first","9":"instock","10":"sale","11":"taxable","12":"shipping-taxable","13":"purchasable","14":"product-type-variable"},"_links":{"self":[{"href":"https:\/\/plauserspeckladele.it\/index.php?rest_route=\/wp\/v2\/product\/1525","targetHints":{"allow":["GET"]}}],"collection":[{"href":"https:\/\/plauserspeckladele.it\/index.php?rest_route=\/wp\/v2\/product"}],"about":[{"href":"https:\/\/plauserspeckladele.it\/index.php?rest_route=\/wp\/v2\/types\/product"}],"replies":[{"embeddable":true,"href":"https:\/\/plauserspeckladele.it\/index.php?rest_route=%2Fwp%2Fv2%2Fcomments&post=1525"}],"wp:featuredmedia":[{"embeddable":true,"href":"https:\/\/plauserspeckladele.it\/index.php?rest_route=\/wp\/v2\/media\/895"}],"wp:attachment":[{"href":"https:\/\/plauserspeckladele.it\/index.php?rest_route=%2Fwp%2Fv2%2Fmedia&parent=1525"}],"wp:term":[{"taxonomy":"product_brand","embeddable":true,"href":"https:\/\/plauserspeckladele.it\/index.php?rest_route=%2Fwp%2Fv2%2Fproduct_brand&post=1525"},{"taxonomy":"product_cat","embeddable":true,"href":"https:\/\/plauserspeckladele.it\/index.php?rest_route=%2Fwp%2Fv2%2Fproduct_cat&post=1525"},{"taxonomy":"product_tag","embeddable":true,"href":"https:\/\/plauserspeckladele.it\/index.php?rest_route=%2Fwp%2Fv2%2Fproduct_tag&post=1525"}],"curies":[{"name":"wp","href":"https:\/\/api.w.org\/{rel}","templated":true}]}}