{"id":1583,"date":"2021-02-03T16:04:06","date_gmt":"2021-02-03T15:04:06","guid":{"rendered":"https:\/\/plauserspeckladele.it\/?post_type=product&#038;p=1583"},"modified":"2024-05-27T20:03:10","modified_gmt":"2024-05-27T18:03:10","slug":"caroma-kaffee-sofie-gemahlen-250g","status":"publish","type":"product","link":"https:\/\/plauserspeckladele.it\/?product=caroma-kaffee-sofie-gemahlen-250g","title":{"rendered":"CAROMA Kaffee Sofie 100% Arabica Bohnen gemahlen"},"content":{"rendered":"<p>Sofie ist ideal fu\u0308r den t\u00e4glichen Genuss, da sie sehr mild und leicht vertr\u00e4glich ist. Wussten Sie, dass Arabica Bohnen aus 4 Anbaul\u00e4ndern in diesem Kaffee stecken? Nass aufbereitete Arabicas aus Kolumbien, Costa Rica und \u00c4thiopien und trocken aufbereitete Arabica aus Brasilien wurden wunderbar aufeinander abstimmt. Das Ergebnis: ein ausgewogener und harmonischer Kaffee. Der feine K\u00f6rper und der schokoladig-nussige Geschmack machen diesen Kaffee sehr beliebt bei Filter- und Mokkakaffeetrinkern. Sofie ist im Vollautomaten besonders gut fu\u0308r Verl\u00e4ngerten geeignet.<\/p>\n<p>&nbsp;<\/p>\n","protected":false},"excerpt":{"rendered":"<p>Fruchtig, schokoladig-nussig, ausgewogen, mild und gut vertr\u00e4glich<\/p>\n","protected":false},"featured_media":1602,"comment_status":"closed","ping_status":"closed","template":"","meta":[],"product_brand":[],"product_cat":[35],"product_tag":[],"class_list":{"0":"post-1583","1":"product","2":"type-product","3":"status-publish","4":"has-post-thumbnail","6":"product_cat-kaffee-tee","8":"first","9":"outofstock","10":"taxable","11":"shipping-taxable","12":"purchasable","13":"product-type-variable"},"_links":{"self":[{"href":"https:\/\/plauserspeckladele.it\/index.php?rest_route=\/wp\/v2\/product\/1583","targetHints":{"allow":["GET"]}}],"collection":[{"href":"https:\/\/plauserspeckladele.it\/index.php?rest_route=\/wp\/v2\/product"}],"about":[{"href":"https:\/\/plauserspeckladele.it\/index.php?rest_route=\/wp\/v2\/types\/product"}],"replies":[{"embeddable":true,"href":"https:\/\/plauserspeckladele.it\/index.php?rest_route=%2Fwp%2Fv2%2Fcomments&post=1583"}],"wp:featuredmedia":[{"embeddable":true,"href":"https:\/\/plauserspeckladele.it\/index.php?rest_route=\/wp\/v2\/media\/1602"}],"wp:attachment":[{"href":"https:\/\/plauserspeckladele.it\/index.php?rest_route=%2Fwp%2Fv2%2Fmedia&parent=1583"}],"wp:term":[{"taxonomy":"product_brand","embeddable":true,"href":"https:\/\/plauserspeckladele.it\/index.php?rest_route=%2Fwp%2Fv2%2Fproduct_brand&post=1583"},{"taxonomy":"product_cat","embeddable":true,"href":"https:\/\/plauserspeckladele.it\/index.php?rest_route=%2Fwp%2Fv2%2Fproduct_cat&post=1583"},{"taxonomy":"product_tag","embeddable":true,"href":"https:\/\/plauserspeckladele.it\/index.php?rest_route=%2Fwp%2Fv2%2Fproduct_tag&post=1583"}],"curies":[{"name":"wp","href":"https:\/\/api.w.org\/{rel}","templated":true}]}}