{"id":1609,"date":"2021-02-03T16:04:06","date_gmt":"2021-02-03T15:45:33","guid":{"rendered":"https:\/\/plauserspeckladele.it\/produkt\/caroma-caffe-sofie-100-arabica-macinato\/"},"modified":"2021-02-03T16:45:50","modified_gmt":"2021-02-03T15:45:50","slug":"caroma-caffe-sofie-100-arabica-macinato","status":"publish","type":"product","link":"https:\/\/plauserspeckladele.it\/?product=caroma-caffe-sofie-100-arabica-macinato&lang=it","title":{"rendered":"CAROMA Caff\u00e8 Sofie 100% Arabica macinato"},"content":{"rendered":"<p>Delicato e facilmente digeribile, Sofie \u00e8 il caff\u00e8 ideale per il consumo quotidiano. Questa miscela \u00e8 una riuscita combinazione di chicchi d\u2019Arabica provenienti da 4 diversi paesi: quelli lavorati a umido da Colombia, Costa Rica ed Etiopia, e quelli lavorati a secco dal Brasile. Ne nasce un caff\u00e8 equilibrato, armonioso, con un buon corpo e un gusto con note di cioccolato e nocciola che lo rendono molto apprezzato dagli amanti del filtro e della moka. Sofie \u00e8 particolarmente adatto per il caff\u00e8 lungo preparato con la macchina automatica.<\/p>\n<p>&nbsp;<\/p>\n","protected":false},"excerpt":{"rendered":"<p>Aroma fruttato, al cioccolato e nocciola, equilibrato e molto delicato<\/p>\n","protected":false},"featured_media":1603,"comment_status":"closed","ping_status":"closed","template":"","meta":[],"product_brand":[],"product_cat":[62],"product_tag":[],"class_list":{"0":"post-1609","1":"product","2":"type-product","3":"status-publish","4":"has-post-thumbnail","6":"product_cat-caffe-e-te","8":"first","9":"outofstock","10":"taxable","11":"shipping-taxable","12":"purchasable","13":"product-type-variable"},"_links":{"self":[{"href":"https:\/\/plauserspeckladele.it\/index.php?rest_route=\/wp\/v2\/product\/1609","targetHints":{"allow":["GET"]}}],"collection":[{"href":"https:\/\/plauserspeckladele.it\/index.php?rest_route=\/wp\/v2\/product"}],"about":[{"href":"https:\/\/plauserspeckladele.it\/index.php?rest_route=\/wp\/v2\/types\/product"}],"replies":[{"embeddable":true,"href":"https:\/\/plauserspeckladele.it\/index.php?rest_route=%2Fwp%2Fv2%2Fcomments&post=1609"}],"wp:featuredmedia":[{"embeddable":true,"href":"https:\/\/plauserspeckladele.it\/index.php?rest_route=\/wp\/v2\/media\/1603"}],"wp:attachment":[{"href":"https:\/\/plauserspeckladele.it\/index.php?rest_route=%2Fwp%2Fv2%2Fmedia&parent=1609"}],"wp:term":[{"taxonomy":"product_brand","embeddable":true,"href":"https:\/\/plauserspeckladele.it\/index.php?rest_route=%2Fwp%2Fv2%2Fproduct_brand&post=1609"},{"taxonomy":"product_cat","embeddable":true,"href":"https:\/\/plauserspeckladele.it\/index.php?rest_route=%2Fwp%2Fv2%2Fproduct_cat&post=1609"},{"taxonomy":"product_tag","embeddable":true,"href":"https:\/\/plauserspeckladele.it\/index.php?rest_route=%2Fwp%2Fv2%2Fproduct_tag&post=1609"}],"curies":[{"name":"wp","href":"https:\/\/api.w.org\/{rel}","templated":true}]}}