{"id":1621,"date":"2021-02-03T17:20:28","date_gmt":"2021-02-03T16:25:37","guid":{"rendered":"https:\/\/plauserspeckladele.it\/produkt\/caroma-caffe-anna-decaffeinato-100-arabica-macinato\/"},"modified":"2021-02-03T17:25:37","modified_gmt":"2021-02-03T16:25:37","slug":"caroma-caffe-anna-decaffeinato-100-arabica-macinato","status":"publish","type":"product","link":"https:\/\/plauserspeckladele.it\/?product=caroma-caffe-anna-decaffeinato-100-arabica-macinato&lang=it","title":{"rendered":"CAROMA Caff\u00e8 Anna decaffeinato 100% Arabica macinato"},"content":{"rendered":"<p>Il caff\u00e8, proprio come deve essere: con un aroma di cioccolato e nocciola, un corpo fine e armonioso e un retrogusto delicato. Anna \u00e8 un caff\u00e8 ben tollerato e senza caffeina, ma con tutto il gusto e l\u2019aroma che cerca chi ama il caff\u00e8. \u00c8 prodotto con chicchi provenienti dal Brasile, da cui trae il suo sapore equilibrato e armonioso. La scelta perfetta per chi desidera concedersi il piacere del caff\u00e8 in qualsiasi momento della giornata, Anna \u00e8 molto amato sia per il caff\u00e8 filtro che per la moka.<\/p>\n","protected":false},"excerpt":{"rendered":"<p>Miscela di caff\u00e8 decaffeinato con note di cioccolato e nocciola<\/p>\n","protected":false},"featured_media":1587,"comment_status":"closed","ping_status":"closed","template":"","meta":[],"product_brand":[],"product_cat":[62],"product_tag":[],"class_list":{"0":"post-1621","1":"product","2":"type-product","3":"status-publish","4":"has-post-thumbnail","6":"product_cat-caffe-e-te","8":"first","9":"outofstock","10":"taxable","11":"shipping-taxable","12":"purchasable","13":"product-type-variable"},"_links":{"self":[{"href":"https:\/\/plauserspeckladele.it\/index.php?rest_route=\/wp\/v2\/product\/1621","targetHints":{"allow":["GET"]}}],"collection":[{"href":"https:\/\/plauserspeckladele.it\/index.php?rest_route=\/wp\/v2\/product"}],"about":[{"href":"https:\/\/plauserspeckladele.it\/index.php?rest_route=\/wp\/v2\/types\/product"}],"replies":[{"embeddable":true,"href":"https:\/\/plauserspeckladele.it\/index.php?rest_route=%2Fwp%2Fv2%2Fcomments&post=1621"}],"wp:featuredmedia":[{"embeddable":true,"href":"https:\/\/plauserspeckladele.it\/index.php?rest_route=\/wp\/v2\/media\/1587"}],"wp:attachment":[{"href":"https:\/\/plauserspeckladele.it\/index.php?rest_route=%2Fwp%2Fv2%2Fmedia&parent=1621"}],"wp:term":[{"taxonomy":"product_brand","embeddable":true,"href":"https:\/\/plauserspeckladele.it\/index.php?rest_route=%2Fwp%2Fv2%2Fproduct_brand&post=1621"},{"taxonomy":"product_cat","embeddable":true,"href":"https:\/\/plauserspeckladele.it\/index.php?rest_route=%2Fwp%2Fv2%2Fproduct_cat&post=1621"},{"taxonomy":"product_tag","embeddable":true,"href":"https:\/\/plauserspeckladele.it\/index.php?rest_route=%2Fwp%2Fv2%2Fproduct_tag&post=1621"}],"curies":[{"name":"wp","href":"https:\/\/api.w.org\/{rel}","templated":true}]}}