{"id":1637,"date":"2021-02-03T19:30:00","date_gmt":"2021-02-03T18:30:00","guid":{"rendered":"https:\/\/plauserspeckladele.it\/?post_type=product&#038;p=1637"},"modified":"2024-12-12T11:13:37","modified_gmt":"2024-12-12T10:13:37","slug":"drei-zinnen-milchschokolade-walde","status":"publish","type":"product","link":"https:\/\/plauserspeckladele.it\/?product=drei-zinnen-milchschokolade-walde","title":{"rendered":"DREI ZINNEN Milchschokolade &#8211; Walde"},"content":{"rendered":"<p>Zutaten:<\/p>\n<p>Zucker, Kakaobutter, <strong>Vollmilchpulver<\/strong>, Kakaobohnen, Emulgator: <strong>Sojalecithin<\/strong>, Naturvanilleextrakt. Kann Spuren von <strong>Schalenfr\u00fcchten<\/strong> und <strong>Eiproteine<\/strong> enthalten. Kakao: 35% mindestens im Schokoladenanteil.<\/p>\n","protected":false},"excerpt":{"rendered":"<p>Die Drei Zinnen sind ein markanter Gebirgsstock in den Sextener Dolomiten, an der Grenze zwischen Belluno im S\u00fcden und S\u00fcdtirol im Norden. Die Ansicht der steilen Nordw\u00e4nde gilt als Wahrzeichen der Dolomiten. Die Drei Zinnen z\u00e4hlen bei Kletterern zu den begehrtesten Gipfelzielen der Alpen.<\/p>\n","protected":false},"featured_media":1638,"comment_status":"closed","ping_status":"closed","template":"","meta":[],"product_brand":[],"product_cat":[58],"product_tag":[],"class_list":{"0":"post-1637","1":"product","2":"type-product","3":"status-publish","4":"has-post-thumbnail","6":"product_cat-suedtiroler-schokolade","8":"first","9":"outofstock","10":"taxable","11":"shipping-taxable","12":"purchasable","13":"product-type-simple"},"_links":{"self":[{"href":"https:\/\/plauserspeckladele.it\/index.php?rest_route=\/wp\/v2\/product\/1637","targetHints":{"allow":["GET"]}}],"collection":[{"href":"https:\/\/plauserspeckladele.it\/index.php?rest_route=\/wp\/v2\/product"}],"about":[{"href":"https:\/\/plauserspeckladele.it\/index.php?rest_route=\/wp\/v2\/types\/product"}],"replies":[{"embeddable":true,"href":"https:\/\/plauserspeckladele.it\/index.php?rest_route=%2Fwp%2Fv2%2Fcomments&post=1637"}],"wp:featuredmedia":[{"embeddable":true,"href":"https:\/\/plauserspeckladele.it\/index.php?rest_route=\/wp\/v2\/media\/1638"}],"wp:attachment":[{"href":"https:\/\/plauserspeckladele.it\/index.php?rest_route=%2Fwp%2Fv2%2Fmedia&parent=1637"}],"wp:term":[{"taxonomy":"product_brand","embeddable":true,"href":"https:\/\/plauserspeckladele.it\/index.php?rest_route=%2Fwp%2Fv2%2Fproduct_brand&post=1637"},{"taxonomy":"product_cat","embeddable":true,"href":"https:\/\/plauserspeckladele.it\/index.php?rest_route=%2Fwp%2Fv2%2Fproduct_cat&post=1637"},{"taxonomy":"product_tag","embeddable":true,"href":"https:\/\/plauserspeckladele.it\/index.php?rest_route=%2Fwp%2Fv2%2Fproduct_tag&post=1637"}],"curies":[{"name":"wp","href":"https:\/\/api.w.org\/{rel}","templated":true}]}}