{"id":1649,"date":"2021-02-03T20:05:04","date_gmt":"2021-02-03T19:05:04","guid":{"rendered":"https:\/\/plauserspeckladele.it\/?post_type=product&#038;p=1649"},"modified":"2024-12-12T11:14:31","modified_gmt":"2024-12-12T10:14:31","slug":"rosengarten-milchschokolade-mit-waldfruechten-walde","status":"publish","type":"product","link":"https:\/\/plauserspeckladele.it\/?product=rosengarten-milchschokolade-mit-waldfruechten-walde","title":{"rendered":"ROSENGARTEN Milchschokolade mit Waldfr\u00fcchten &#8211; Walde"},"content":{"rendered":"<p>Zutaten:<\/p>\n<p>Zucker, Kakaobutter, <strong>Vollmilchpulver<\/strong>, Kakaobohnen, Waldfr\u00fcchte 9% (<strong>Erdbeeren<\/strong>, Cranberries, Heidelbeeren, Zucker, Glukosesirup, <strong>Kirschfruchtfleisch<\/strong>, Himbeeren, Tapiokast\u00e4rke, konzentrierten Himbeeren Saft, Verdickungsmittel: (modifizierte Kartoffelst\u00e4rke, Natriumalginat)), Emulgator: <strong>Sojalecithin<\/strong>, Naturvanilleextrakt. Kann Spuren von <strong>Schalenfr\u00fcchten<\/strong> und <strong>Eiproteine<\/strong> enthalten. Kakao: 35% mindestens im Schokoladenanteil.<\/p>\n","protected":false},"excerpt":{"rendered":"<p>Der Rosengarten ist ein Bergmassiv der Dolomiten. Er verl\u00e4uft in Nords\u00fcdrichtung vom Schlernmassiv im Norden bis zum Karerpass im S\u00fcden und hat eine L\u00e4nge von etwa 8 km. Die h\u00f6chste Erhebung ist der Kesselkogel, mit 3004 m H\u00f6he.<\/p>\n","protected":false},"featured_media":1650,"comment_status":"closed","ping_status":"closed","template":"","meta":[],"product_brand":[],"product_cat":[58],"product_tag":[],"class_list":{"0":"post-1649","1":"product","2":"type-product","3":"status-publish","4":"has-post-thumbnail","6":"product_cat-suedtiroler-schokolade","8":"first","9":"outofstock","10":"taxable","11":"shipping-taxable","12":"purchasable","13":"product-type-simple"},"_links":{"self":[{"href":"https:\/\/plauserspeckladele.it\/index.php?rest_route=\/wp\/v2\/product\/1649","targetHints":{"allow":["GET"]}}],"collection":[{"href":"https:\/\/plauserspeckladele.it\/index.php?rest_route=\/wp\/v2\/product"}],"about":[{"href":"https:\/\/plauserspeckladele.it\/index.php?rest_route=\/wp\/v2\/types\/product"}],"replies":[{"embeddable":true,"href":"https:\/\/plauserspeckladele.it\/index.php?rest_route=%2Fwp%2Fv2%2Fcomments&post=1649"}],"wp:featuredmedia":[{"embeddable":true,"href":"https:\/\/plauserspeckladele.it\/index.php?rest_route=\/wp\/v2\/media\/1650"}],"wp:attachment":[{"href":"https:\/\/plauserspeckladele.it\/index.php?rest_route=%2Fwp%2Fv2%2Fmedia&parent=1649"}],"wp:term":[{"taxonomy":"product_brand","embeddable":true,"href":"https:\/\/plauserspeckladele.it\/index.php?rest_route=%2Fwp%2Fv2%2Fproduct_brand&post=1649"},{"taxonomy":"product_cat","embeddable":true,"href":"https:\/\/plauserspeckladele.it\/index.php?rest_route=%2Fwp%2Fv2%2Fproduct_cat&post=1649"},{"taxonomy":"product_tag","embeddable":true,"href":"https:\/\/plauserspeckladele.it\/index.php?rest_route=%2Fwp%2Fv2%2Fproduct_tag&post=1649"}],"curies":[{"name":"wp","href":"https:\/\/api.w.org\/{rel}","templated":true}]}}