{"id":1655,"date":"2021-02-04T14:34:40","date_gmt":"2021-02-04T13:34:40","guid":{"rendered":"https:\/\/plauserspeckladele.it\/?post_type=product&#038;p=1655"},"modified":"2024-12-12T11:14:07","modified_gmt":"2024-12-12T10:14:07","slug":"marende-milchschokolade-mit-speck-und-schuettelbrot-walde","status":"publish","type":"product","link":"https:\/\/plauserspeckladele.it\/?product=marende-milchschokolade-mit-speck-und-schuettelbrot-walde","title":{"rendered":"MARENDE Milchschokolade mit Speck und Sch\u00fcttelbrot &#8211; Walde"},"content":{"rendered":"<p>Zutaten:<\/p>\n<p>Kakaobohnen, Zucker, Kakaobutter, <strong>Vollmilchpulver<\/strong>, Speck 4% (Schweinefleisch, Meersalz, Gew\u00fcrze, Dextrose, Zucker. Konservierungsmittel: Natriumnitrit, Kaliumnitrat), Sch\u00fcttelbrot 2% (<strong>Roggenmehl<\/strong>, <strong>Weizenmehl<\/strong>, <strong>Malzextrakt<\/strong>, Hefe, Salz, Gew\u00fcrze: K\u00fcmmel, Fenchelsamen), Emulgator: (<strong>Sojalecithin<\/strong>, E476), Naturvanilleextrakt. Enth\u00e4lt Gluten. Kann Spuren von <strong>Schalenfr\u00fcchten<\/strong> und <strong>Eiproteine<\/strong> enthalten. Kakao: 50% mindestens im Schokoladenanteil.<\/p>\n","protected":false},"excerpt":{"rendered":"<p>Die Marende ist die typische Zwischenmahlzeit S\u00fcdtirols und ein fester Bestandteil unserer Genussregion. S\u00fc\u00dfe S\u00fcdtiroler Marende (Schokolade, Speck und Sch\u00fcttelbrot)<\/p>\n","protected":false},"featured_media":0,"comment_status":"closed","ping_status":"closed","template":"","meta":[],"product_brand":[],"product_cat":[58],"product_tag":[],"class_list":{"0":"post-1655","1":"product","2":"type-product","3":"status-publish","5":"product_cat-suedtiroler-schokolade","7":"first","8":"outofstock","9":"taxable","10":"shipping-taxable","11":"purchasable","12":"product-type-simple"},"_links":{"self":[{"href":"https:\/\/plauserspeckladele.it\/index.php?rest_route=\/wp\/v2\/product\/1655","targetHints":{"allow":["GET"]}}],"collection":[{"href":"https:\/\/plauserspeckladele.it\/index.php?rest_route=\/wp\/v2\/product"}],"about":[{"href":"https:\/\/plauserspeckladele.it\/index.php?rest_route=\/wp\/v2\/types\/product"}],"replies":[{"embeddable":true,"href":"https:\/\/plauserspeckladele.it\/index.php?rest_route=%2Fwp%2Fv2%2Fcomments&post=1655"}],"wp:attachment":[{"href":"https:\/\/plauserspeckladele.it\/index.php?rest_route=%2Fwp%2Fv2%2Fmedia&parent=1655"}],"wp:term":[{"taxonomy":"product_brand","embeddable":true,"href":"https:\/\/plauserspeckladele.it\/index.php?rest_route=%2Fwp%2Fv2%2Fproduct_brand&post=1655"},{"taxonomy":"product_cat","embeddable":true,"href":"https:\/\/plauserspeckladele.it\/index.php?rest_route=%2Fwp%2Fv2%2Fproduct_cat&post=1655"},{"taxonomy":"product_tag","embeddable":true,"href":"https:\/\/plauserspeckladele.it\/index.php?rest_route=%2Fwp%2Fv2%2Fproduct_tag&post=1655"}],"curies":[{"name":"wp","href":"https:\/\/api.w.org\/{rel}","templated":true}]}}