{"id":1661,"date":"2021-02-04T14:54:48","date_gmt":"2021-02-04T13:54:48","guid":{"rendered":"https:\/\/plauserspeckladele.it\/?post_type=product&#038;p=1661"},"modified":"2024-12-12T11:07:01","modified_gmt":"2024-12-12T10:07:01","slug":"similaun-milchschokolade-mit-nougat-walde","status":"publish","type":"product","link":"https:\/\/plauserspeckladele.it\/?product=similaun-milchschokolade-mit-nougat-walde","title":{"rendered":"SIMILAUN Milchschokolade mit Nougat &#8211; Walde"},"content":{"rendered":"<p>Zutaten:<\/p>\n<p>Zucker, Kakaobutter, <strong>Vollmilchpulver<\/strong>, Kakaobohnen, <strong>Haselnusspaste<\/strong> 13%, Emulgator: <strong>Sojalecithin<\/strong>, Naturvanilleextrakt. Kann Spuren von <strong>Eiproteine<\/strong> enthalten. Kakao: 35% mindestens im Schokoladenanteil.<\/p>\n","protected":false},"excerpt":{"rendered":"<p>Der Similaun ist ein gletscher\u00fcberzogener Berg in den \u00d6tztaler Alpen an der Grenze zwischen Nord- und S\u00fcdtirol. An seinem Fu\u00df liegt das 3.019 m hohe Niederjoch, welches schon zu \u00d6tzi\u2019s Zeiten als Verbindungsweg zwischen Schnalstal und \u00d6tztal genutzt wurde. Der Similaun ist einer der sch\u00f6nsten Aussichtsberge des Alpenhauptkammes. Sommer wie Winter belohnt dieser Gipfel die Hochtourengeher mit einer Aussicht \u00fcber ein Gipfelmeer soweit das Auge reicht.<\/p>\n","protected":false},"featured_media":1662,"comment_status":"closed","ping_status":"closed","template":"","meta":[],"product_brand":[],"product_cat":[58],"product_tag":[],"class_list":{"0":"post-1661","1":"product","2":"type-product","3":"status-publish","4":"has-post-thumbnail","6":"product_cat-suedtiroler-schokolade","8":"first","9":"outofstock","10":"taxable","11":"shipping-taxable","12":"purchasable","13":"product-type-simple"},"_links":{"self":[{"href":"https:\/\/plauserspeckladele.it\/index.php?rest_route=\/wp\/v2\/product\/1661","targetHints":{"allow":["GET"]}}],"collection":[{"href":"https:\/\/plauserspeckladele.it\/index.php?rest_route=\/wp\/v2\/product"}],"about":[{"href":"https:\/\/plauserspeckladele.it\/index.php?rest_route=\/wp\/v2\/types\/product"}],"replies":[{"embeddable":true,"href":"https:\/\/plauserspeckladele.it\/index.php?rest_route=%2Fwp%2Fv2%2Fcomments&post=1661"}],"wp:featuredmedia":[{"embeddable":true,"href":"https:\/\/plauserspeckladele.it\/index.php?rest_route=\/wp\/v2\/media\/1662"}],"wp:attachment":[{"href":"https:\/\/plauserspeckladele.it\/index.php?rest_route=%2Fwp%2Fv2%2Fmedia&parent=1661"}],"wp:term":[{"taxonomy":"product_brand","embeddable":true,"href":"https:\/\/plauserspeckladele.it\/index.php?rest_route=%2Fwp%2Fv2%2Fproduct_brand&post=1661"},{"taxonomy":"product_cat","embeddable":true,"href":"https:\/\/plauserspeckladele.it\/index.php?rest_route=%2Fwp%2Fv2%2Fproduct_cat&post=1661"},{"taxonomy":"product_tag","embeddable":true,"href":"https:\/\/plauserspeckladele.it\/index.php?rest_route=%2Fwp%2Fv2%2Fproduct_tag&post=1661"}],"curies":[{"name":"wp","href":"https:\/\/api.w.org\/{rel}","templated":true}]}}