{"id":1664,"date":"2021-02-04T14:54:48","date_gmt":"2021-02-04T13:57:19","guid":{"rendered":"https:\/\/plauserspeckladele.it\/produkt\/similaun-cioccolato-al-latte-con-gianduia\/"},"modified":"2021-02-04T14:57:27","modified_gmt":"2021-02-04T13:57:27","slug":"similaun-milchschokolade-mit-nougat-walde","status":"publish","type":"product","link":"https:\/\/plauserspeckladele.it\/?product=similaun-milchschokolade-mit-nougat-walde&lang=it","title":{"rendered":"SIMILAUN cioccolato al latte con gianduia"},"content":{"rendered":"<p>Ingredienti:<\/p>\n<p>zucchero, burro di cacao, <strong>latte intero in polvere<\/strong>, fave di cacao, <strong>pasta di nocciola<\/strong> 13%, emulsionante: <strong>lecitina di soia<\/strong>, estratto naturale di vaniglia. Pu\u00f2 contenere tracce di<strong>proteine dell&#8217;uovo<\/strong>. Cacao: min. 35% nella parte del cioccolato.<\/p>\n","protected":false},"excerpt":{"rendered":"<p>Il Similaun \u00e8 una montagna delle Alpi Venoste, al confine tra Tirolo del Nord e del Sud, ricoperta dai ghiacci. Ai suoi piedi si trova il Giogo Basso, a quota 3.019 m, che gi\u00e0 all\u2019epoca di \u00d6tzi era utilizzato come collegamento tra la Val Senales e la \u00d6tztal. Il Similaun \u00e8 una delle pi\u00f9 belle vette panoramiche della catena principale alpina, che premia gli escursionisti che vi salgono sia d\u2019estate che d\u2019inverno con una superba vista sulla sequenza di cime che si susseguono a perdita d\u2019occhio.<\/p>\n","protected":false},"featured_media":1663,"comment_status":"closed","ping_status":"closed","template":"","meta":[],"product_brand":[],"product_cat":[60],"product_tag":[],"class_list":{"0":"post-1664","1":"product","2":"type-product","3":"status-publish","4":"has-post-thumbnail","6":"product_cat-suedtiroler-schokolade-it","8":"first","9":"outofstock","10":"taxable","11":"shipping-taxable","12":"purchasable","13":"product-type-simple"},"_links":{"self":[{"href":"https:\/\/plauserspeckladele.it\/index.php?rest_route=\/wp\/v2\/product\/1664","targetHints":{"allow":["GET"]}}],"collection":[{"href":"https:\/\/plauserspeckladele.it\/index.php?rest_route=\/wp\/v2\/product"}],"about":[{"href":"https:\/\/plauserspeckladele.it\/index.php?rest_route=\/wp\/v2\/types\/product"}],"replies":[{"embeddable":true,"href":"https:\/\/plauserspeckladele.it\/index.php?rest_route=%2Fwp%2Fv2%2Fcomments&post=1664"}],"wp:featuredmedia":[{"embeddable":true,"href":"https:\/\/plauserspeckladele.it\/index.php?rest_route=\/wp\/v2\/media\/1663"}],"wp:attachment":[{"href":"https:\/\/plauserspeckladele.it\/index.php?rest_route=%2Fwp%2Fv2%2Fmedia&parent=1664"}],"wp:term":[{"taxonomy":"product_brand","embeddable":true,"href":"https:\/\/plauserspeckladele.it\/index.php?rest_route=%2Fwp%2Fv2%2Fproduct_brand&post=1664"},{"taxonomy":"product_cat","embeddable":true,"href":"https:\/\/plauserspeckladele.it\/index.php?rest_route=%2Fwp%2Fv2%2Fproduct_cat&post=1664"},{"taxonomy":"product_tag","embeddable":true,"href":"https:\/\/plauserspeckladele.it\/index.php?rest_route=%2Fwp%2Fv2%2Fproduct_tag&post=1664"}],"curies":[{"name":"wp","href":"https:\/\/api.w.org\/{rel}","templated":true}]}}