{"id":1669,"date":"2021-02-04T16:08:05","date_gmt":"2021-02-04T15:08:05","guid":{"rendered":"https:\/\/plauserspeckladele.it\/?post_type=product&#038;p=1669"},"modified":"2024-05-27T20:00:41","modified_gmt":"2024-05-27T18:00:41","slug":"caroma-kaffee-bio-100-arabica-bohnen","status":"publish","type":"product","link":"https:\/\/plauserspeckladele.it\/?product=caroma-kaffee-bio-100-arabica-bohnen","title":{"rendered":"CAROMA Kaffee BIO 100% Arabica Bohnen"},"content":{"rendered":"<p><strong>DAS BIO FILTER HIGHLIGHT<\/strong><\/p>\n<p>Wenn Sie auch zu den Filterkaffeeliebhabern z\u00e4hlen, sollte dieser Kaffee in Ihrem privaten Sortiment nicht fehlen. Aus vier Kaffeeanbaul\u00e4ndern rund um den \u00c4quator stammen die ausgew\u00e4hlten Bio Arabica Bohnen fu\u0308r diesen Blend. Die Bohnen wurden nass aufbereitet, folglich sind sie fruchtig, su\u0308\u00df und mild im Geschmack, mit feinem Abgang. Sehr harmonisch ist der Gesamteindruck. Durch die etwas hellere R\u00f6stung bleiben die genannten Eigenschaften besonders gut erhalten. Sehr empfehlenswert zum Filtern, aber auch geeignet fu\u0308r die Mokka.<\/p>\n","protected":false},"excerpt":{"rendered":"<p>Edle, harmonische, blumig-fruchtig und ausgewogene Bio\u00a0 Filterkaffeemischung<\/p>\n","protected":false},"featured_media":1588,"comment_status":"closed","ping_status":"closed","template":"","meta":[],"product_brand":[],"product_cat":[35],"product_tag":[],"class_list":{"0":"post-1669","1":"product","2":"type-product","3":"status-publish","4":"has-post-thumbnail","6":"product_cat-kaffee-tee","8":"first","9":"outofstock","10":"taxable","11":"shipping-taxable","12":"purchasable","13":"product-type-variable"},"_links":{"self":[{"href":"https:\/\/plauserspeckladele.it\/index.php?rest_route=\/wp\/v2\/product\/1669","targetHints":{"allow":["GET"]}}],"collection":[{"href":"https:\/\/plauserspeckladele.it\/index.php?rest_route=\/wp\/v2\/product"}],"about":[{"href":"https:\/\/plauserspeckladele.it\/index.php?rest_route=\/wp\/v2\/types\/product"}],"replies":[{"embeddable":true,"href":"https:\/\/plauserspeckladele.it\/index.php?rest_route=%2Fwp%2Fv2%2Fcomments&post=1669"}],"wp:featuredmedia":[{"embeddable":true,"href":"https:\/\/plauserspeckladele.it\/index.php?rest_route=\/wp\/v2\/media\/1588"}],"wp:attachment":[{"href":"https:\/\/plauserspeckladele.it\/index.php?rest_route=%2Fwp%2Fv2%2Fmedia&parent=1669"}],"wp:term":[{"taxonomy":"product_brand","embeddable":true,"href":"https:\/\/plauserspeckladele.it\/index.php?rest_route=%2Fwp%2Fv2%2Fproduct_brand&post=1669"},{"taxonomy":"product_cat","embeddable":true,"href":"https:\/\/plauserspeckladele.it\/index.php?rest_route=%2Fwp%2Fv2%2Fproduct_cat&post=1669"},{"taxonomy":"product_tag","embeddable":true,"href":"https:\/\/plauserspeckladele.it\/index.php?rest_route=%2Fwp%2Fv2%2Fproduct_tag&post=1669"}],"curies":[{"name":"wp","href":"https:\/\/api.w.org\/{rel}","templated":true}]}}