{"id":1672,"date":"2021-02-04T16:08:05","date_gmt":"2021-02-04T15:14:01","guid":{"rendered":"https:\/\/plauserspeckladele.it\/produkt\/caroma-caffe-bio-100-arabica-chicchi\/"},"modified":"2021-02-04T16:14:06","modified_gmt":"2021-02-04T15:14:06","slug":"caroma-caffee-bio-100-arabica-chicchi","status":"publish","type":"product","link":"https:\/\/plauserspeckladele.it\/?product=caroma-caffee-bio-100-arabica-chicchi&lang=it","title":{"rendered":"CAROMA Caff\u00e8 BIO 100% Arabica chicchi"},"content":{"rendered":"<p><strong>UNA SPECIALIT\u00c0 BIO PER CAFF\u00c8 FILTRO<\/strong><\/p>\n<p>Se siete tra gli estimatori del caff\u00e8 filtro, Bio Filter non pu\u00f2 mancare tra il vostro assortimento. I chicchi di Arabica bio usati per questa miscela provengono da quattro diversi paesi della fascia equatoriale. La lavorazione a umido conferisce un gusto dolce e delicato, con note fruttate e una squisita persistenza. Queste propriet\u00e0 sono preservate grazie alla tostatura pi\u00f9 leggera, che crea un risultato complessivo di grande armonia. Consigliato soprattutto per il filtro, ma adatto anche alla moka.<\/p>\n","protected":false},"excerpt":{"rendered":"<p>Nobile miscela biologica: armonica, floreale, fruttata ed equilibrata<\/p>\n","protected":false},"featured_media":1589,"comment_status":"closed","ping_status":"closed","template":"","meta":[],"product_brand":[],"product_cat":[62],"product_tag":[],"class_list":{"0":"post-1672","1":"product","2":"type-product","3":"status-publish","4":"has-post-thumbnail","6":"product_cat-caffe-e-te","8":"first","9":"outofstock","10":"taxable","11":"shipping-taxable","12":"purchasable","13":"product-type-variable"},"_links":{"self":[{"href":"https:\/\/plauserspeckladele.it\/index.php?rest_route=\/wp\/v2\/product\/1672","targetHints":{"allow":["GET"]}}],"collection":[{"href":"https:\/\/plauserspeckladele.it\/index.php?rest_route=\/wp\/v2\/product"}],"about":[{"href":"https:\/\/plauserspeckladele.it\/index.php?rest_route=\/wp\/v2\/types\/product"}],"replies":[{"embeddable":true,"href":"https:\/\/plauserspeckladele.it\/index.php?rest_route=%2Fwp%2Fv2%2Fcomments&post=1672"}],"wp:featuredmedia":[{"embeddable":true,"href":"https:\/\/plauserspeckladele.it\/index.php?rest_route=\/wp\/v2\/media\/1589"}],"wp:attachment":[{"href":"https:\/\/plauserspeckladele.it\/index.php?rest_route=%2Fwp%2Fv2%2Fmedia&parent=1672"}],"wp:term":[{"taxonomy":"product_brand","embeddable":true,"href":"https:\/\/plauserspeckladele.it\/index.php?rest_route=%2Fwp%2Fv2%2Fproduct_brand&post=1672"},{"taxonomy":"product_cat","embeddable":true,"href":"https:\/\/plauserspeckladele.it\/index.php?rest_route=%2Fwp%2Fv2%2Fproduct_cat&post=1672"},{"taxonomy":"product_tag","embeddable":true,"href":"https:\/\/plauserspeckladele.it\/index.php?rest_route=%2Fwp%2Fv2%2Fproduct_tag&post=1672"}],"curies":[{"name":"wp","href":"https:\/\/api.w.org\/{rel}","templated":true}]}}