{"id":1696,"date":"2021-02-04T17:16:30","date_gmt":"2021-02-04T16:16:30","guid":{"rendered":"https:\/\/plauserspeckladele.it\/?post_type=product&#038;p=1696"},"modified":"2023-03-22T15:43:59","modified_gmt":"2023-03-22T14:43:59","slug":"caroma-kaffee-dora-entkoffeiniert-85-arabica-15-robusta-bohnen-gemahlen","status":"publish","type":"product","link":"https:\/\/plauserspeckladele.it\/?product=caroma-kaffee-dora-entkoffeiniert-85-arabica-15-robusta-bohnen-gemahlen","title":{"rendered":"CAROMA Kaffee Dora entkoffeiniert 85 % ARABICA, 15 % ROBUSTA Bohnen gemahlen"},"content":{"rendered":"<p><strong>VOLLES AROMA, AUCH OHNE KOFFEIN<\/strong><\/p>\n<p>Wer nicht auf einen charaktervollen Kaffee verzichten m\u00f6chte \u2013 und die entkoffeinierte Variante bevorzugt, sollte zu Dora greifen. Aus gleich drei Kaffeeanbaul\u00e4ndern stammen die Bohnen fu\u0308r diesen su\u0308\u00dfen, fruchtig-wu\u0308rzigen Blend. Die milden Arabica Bohnen aus Kolumbien kombiniert mit nussigem Rohkaffee aus Brasilien ergeben mit dem kr\u00e4ftigeren, intensiven Geschmack von Robusta aus Indien eine optimale Espressokreation mit sch\u00f6ner Crema. Dora ist ideal fu\u0308r die Zubereitung in Ihrer Espressomaschine und in der Mokka.<\/p>\n","protected":false},"excerpt":{"rendered":"<p>Entkoffeiniert, mit w\u00fcrzig-fruchtigem, leicht s\u00fc\u00dflichem Geschmack<\/p>\n","protected":false},"featured_media":1598,"comment_status":"closed","ping_status":"closed","template":"","meta":[],"product_brand":[],"product_cat":[35],"product_tag":[],"class_list":{"0":"post-1696","1":"product","2":"type-product","3":"status-publish","4":"has-post-thumbnail","6":"product_cat-kaffee-tee","8":"first","9":"outofstock","10":"taxable","11":"shipping-taxable","12":"purchasable","13":"product-type-simple"},"_links":{"self":[{"href":"https:\/\/plauserspeckladele.it\/index.php?rest_route=\/wp\/v2\/product\/1696","targetHints":{"allow":["GET"]}}],"collection":[{"href":"https:\/\/plauserspeckladele.it\/index.php?rest_route=\/wp\/v2\/product"}],"about":[{"href":"https:\/\/plauserspeckladele.it\/index.php?rest_route=\/wp\/v2\/types\/product"}],"replies":[{"embeddable":true,"href":"https:\/\/plauserspeckladele.it\/index.php?rest_route=%2Fwp%2Fv2%2Fcomments&post=1696"}],"wp:featuredmedia":[{"embeddable":true,"href":"https:\/\/plauserspeckladele.it\/index.php?rest_route=\/wp\/v2\/media\/1598"}],"wp:attachment":[{"href":"https:\/\/plauserspeckladele.it\/index.php?rest_route=%2Fwp%2Fv2%2Fmedia&parent=1696"}],"wp:term":[{"taxonomy":"product_brand","embeddable":true,"href":"https:\/\/plauserspeckladele.it\/index.php?rest_route=%2Fwp%2Fv2%2Fproduct_brand&post=1696"},{"taxonomy":"product_cat","embeddable":true,"href":"https:\/\/plauserspeckladele.it\/index.php?rest_route=%2Fwp%2Fv2%2Fproduct_cat&post=1696"},{"taxonomy":"product_tag","embeddable":true,"href":"https:\/\/plauserspeckladele.it\/index.php?rest_route=%2Fwp%2Fv2%2Fproduct_tag&post=1696"}],"curies":[{"name":"wp","href":"https:\/\/api.w.org\/{rel}","templated":true}]}}