{"id":1699,"date":"2021-02-04T17:37:06","date_gmt":"2021-02-04T16:39:29","guid":{"rendered":"https:\/\/plauserspeckladele.it\/produkt\/caroma-caffee-dora-decaffeinato-85-arabica-15-robusta-chicchi\/"},"modified":"2021-02-04T17:45:58","modified_gmt":"2021-02-04T16:45:58","slug":"caroma-caffee-dora-decaffeinato-85-arabica-15-robusta-chicchi","status":"publish","type":"product","link":"https:\/\/plauserspeckladele.it\/?product=caroma-caffee-dora-decaffeinato-85-arabica-15-robusta-chicchi&lang=it","title":{"rendered":"CAROMA caffee Dora decaffeinato 85 % ARABICA 15% ROBUSTA chicchi"},"content":{"rendered":"<p><strong>100% AROMA, 0 CAFFEINA<\/strong><\/p>\n<p>Per chi preferisce il decaffeinato ma non vuole rinunciare a un caff\u00e8 di carattere, Dora \u00e8 assolutamente da provare. I caff\u00e8 per questa miscela dolce dall\u2019aroma fruttato e speziato provengono da tre diversi paesi. Dall\u2019incontro tra il delicato Arabica dalla Colombia, i chicchi nocciolati dal Brasile e il gusto intenso del Robusta indiano nasce un ottimo espresso con una buona crema. Dora \u00e8 ideale sia per la macchina da espresso che per la moka.<\/p>\n","protected":false},"excerpt":{"rendered":"<p>Decaffeinato con aroma speziato, fruttato, leggermente dolce<\/p>\n","protected":false},"featured_media":1597,"comment_status":"closed","ping_status":"closed","template":"","meta":[],"product_brand":[],"product_cat":[62],"product_tag":[],"class_list":{"0":"post-1699","1":"product","2":"type-product","3":"status-publish","4":"has-post-thumbnail","6":"product_cat-caffe-e-te","8":"first","9":"outofstock","10":"taxable","11":"shipping-taxable","12":"purchasable","13":"product-type-simple"},"_links":{"self":[{"href":"https:\/\/plauserspeckladele.it\/index.php?rest_route=\/wp\/v2\/product\/1699","targetHints":{"allow":["GET"]}}],"collection":[{"href":"https:\/\/plauserspeckladele.it\/index.php?rest_route=\/wp\/v2\/product"}],"about":[{"href":"https:\/\/plauserspeckladele.it\/index.php?rest_route=\/wp\/v2\/types\/product"}],"replies":[{"embeddable":true,"href":"https:\/\/plauserspeckladele.it\/index.php?rest_route=%2Fwp%2Fv2%2Fcomments&post=1699"}],"wp:featuredmedia":[{"embeddable":true,"href":"https:\/\/plauserspeckladele.it\/index.php?rest_route=\/wp\/v2\/media\/1597"}],"wp:attachment":[{"href":"https:\/\/plauserspeckladele.it\/index.php?rest_route=%2Fwp%2Fv2%2Fmedia&parent=1699"}],"wp:term":[{"taxonomy":"product_brand","embeddable":true,"href":"https:\/\/plauserspeckladele.it\/index.php?rest_route=%2Fwp%2Fv2%2Fproduct_brand&post=1699"},{"taxonomy":"product_cat","embeddable":true,"href":"https:\/\/plauserspeckladele.it\/index.php?rest_route=%2Fwp%2Fv2%2Fproduct_cat&post=1699"},{"taxonomy":"product_tag","embeddable":true,"href":"https:\/\/plauserspeckladele.it\/index.php?rest_route=%2Fwp%2Fv2%2Fproduct_tag&post=1699"}],"curies":[{"name":"wp","href":"https:\/\/api.w.org\/{rel}","templated":true}]}}