{"id":1707,"date":"2021-02-08T14:30:15","date_gmt":"2021-02-08T13:30:15","guid":{"rendered":"https:\/\/plauserspeckladele.it\/?post_type=product&#038;p=1707"},"modified":"2024-12-12T11:06:39","modified_gmt":"2024-12-12T10:06:39","slug":"weisskugel-weisse-schokolade-mit-ganzen-haselnuessen-walde","status":"publish","type":"product","link":"https:\/\/plauserspeckladele.it\/?product=weisskugel-weisse-schokolade-mit-ganzen-haselnuessen-walde","title":{"rendered":"WEISSKUGEL wei\u00dfe Schokolade mit ganzen Haseln\u00fcssen &#8211; Walde"},"content":{"rendered":"<p>Zutaten:<\/p>\n<p>Zucker, Kakaobutter, <strong>Vollmilchpulver<\/strong>, <strong>Magermilchpulver<\/strong>, <strong>Haseln\u00fcsse<\/strong> 12%, Emulgator: Sonnenblumenlecithin, Naturvanille-Extrakt. Kann Spuren von <strong>Eiproteine<\/strong>, <strong>Gluten<\/strong>, <strong>Soja<\/strong> und <strong>Erdn\u00fcssen<\/strong> enthalten. Kakaobutter: mindestens 31% im Schokoladenanteil.<\/p>\n","protected":false},"excerpt":{"rendered":"<p>Die Wei\u00dfkugel ist der zweith\u00f6chste Gipfel der \u00d6tztaler Alpen. Sie liegt im Schnittpunkt des Schnals- und des Wei\u00dfkamms und der Hauptkamm stellt die Grenze zwischen \u00d6sterreich und Italien dar. Die Aussicht von der Wei\u00dfkugel ist aufgrund ihrer zentralen Lage eine der umfassendsten in den gesamten Alpen.<\/p>\n","protected":false},"featured_media":1708,"comment_status":"closed","ping_status":"closed","template":"","meta":[],"product_brand":[],"product_cat":[58],"product_tag":[],"class_list":{"0":"post-1707","1":"product","2":"type-product","3":"status-publish","4":"has-post-thumbnail","6":"product_cat-suedtiroler-schokolade","8":"first","9":"outofstock","10":"taxable","11":"shipping-taxable","12":"purchasable","13":"product-type-simple"},"_links":{"self":[{"href":"https:\/\/plauserspeckladele.it\/index.php?rest_route=\/wp\/v2\/product\/1707","targetHints":{"allow":["GET"]}}],"collection":[{"href":"https:\/\/plauserspeckladele.it\/index.php?rest_route=\/wp\/v2\/product"}],"about":[{"href":"https:\/\/plauserspeckladele.it\/index.php?rest_route=\/wp\/v2\/types\/product"}],"replies":[{"embeddable":true,"href":"https:\/\/plauserspeckladele.it\/index.php?rest_route=%2Fwp%2Fv2%2Fcomments&post=1707"}],"wp:featuredmedia":[{"embeddable":true,"href":"https:\/\/plauserspeckladele.it\/index.php?rest_route=\/wp\/v2\/media\/1708"}],"wp:attachment":[{"href":"https:\/\/plauserspeckladele.it\/index.php?rest_route=%2Fwp%2Fv2%2Fmedia&parent=1707"}],"wp:term":[{"taxonomy":"product_brand","embeddable":true,"href":"https:\/\/plauserspeckladele.it\/index.php?rest_route=%2Fwp%2Fv2%2Fproduct_brand&post=1707"},{"taxonomy":"product_cat","embeddable":true,"href":"https:\/\/plauserspeckladele.it\/index.php?rest_route=%2Fwp%2Fv2%2Fproduct_cat&post=1707"},{"taxonomy":"product_tag","embeddable":true,"href":"https:\/\/plauserspeckladele.it\/index.php?rest_route=%2Fwp%2Fv2%2Fproduct_tag&post=1707"}],"curies":[{"name":"wp","href":"https:\/\/api.w.org\/{rel}","templated":true}]}}