{"id":1747,"date":"2021-02-12T16:07:58","date_gmt":"2021-02-12T15:07:58","guid":{"rendered":"https:\/\/plauserspeckladele.it\/?post_type=product&#038;p=1747"},"modified":"2023-03-22T11:58:46","modified_gmt":"2023-03-22T10:58:46","slug":"lumaconi-giganti-igp","status":"publish","type":"product","link":"https:\/\/plauserspeckladele.it\/?product=lumaconi-giganti-igp","title":{"rendered":"Lumaconi giganti IGP"},"content":{"rendered":"<p>In Gragnano stellen wir seit 500 Jahren Pasta her.<\/p>\n<p>Die Herstellung von Pasta ist f\u00fcr uns eine Kunst, die wir jeden Tag gern nach den Methoden unserer Vorfahren vollbringen. Eine einzigartige Mischung aus Geschichte, Kultur, Traditionen und selbstverst\u00e4ndlich \u2026Geheimnissen!<\/p>\n<p>Unsere Vorfahren haben nur 2 Zutaten vermischt (hochwertigen Weizengrie\u00df &amp; Wasser aus einer nat\u00fcrlichen Quelle in den Bergen von Gragnano).<\/p>\n","protected":false},"excerpt":{"rendered":"<p>Lumaconi sind perfekt um diese zu f\u00fcllen und zu gratinieren. F\u00fcr die Herstellung dieser h\u00fcbschen Nudeln wurde von \u201eLa Fabbrica della pasta di Gragnano\u201c nur bestes Hartweizengries aus erster Extraktion (nur das Herz des Weizenkorns), vereint mit Wasser der tausendj\u00e4hrigen Quelle in Gragnano verwendet.<\/p>\n","protected":false},"featured_media":1827,"comment_status":"closed","ping_status":"closed","template":"","meta":[],"product_brand":[],"product_cat":[49],"product_tag":[],"class_list":{"0":"post-1747","1":"product","2":"type-product","3":"status-publish","4":"has-post-thumbnail","6":"product_cat-teigwaren-gewuerze","8":"first","9":"instock","10":"taxable","11":"shipping-taxable","12":"purchasable","13":"product-type-simple"},"_links":{"self":[{"href":"https:\/\/plauserspeckladele.it\/index.php?rest_route=\/wp\/v2\/product\/1747","targetHints":{"allow":["GET"]}}],"collection":[{"href":"https:\/\/plauserspeckladele.it\/index.php?rest_route=\/wp\/v2\/product"}],"about":[{"href":"https:\/\/plauserspeckladele.it\/index.php?rest_route=\/wp\/v2\/types\/product"}],"replies":[{"embeddable":true,"href":"https:\/\/plauserspeckladele.it\/index.php?rest_route=%2Fwp%2Fv2%2Fcomments&post=1747"}],"wp:featuredmedia":[{"embeddable":true,"href":"https:\/\/plauserspeckladele.it\/index.php?rest_route=\/wp\/v2\/media\/1827"}],"wp:attachment":[{"href":"https:\/\/plauserspeckladele.it\/index.php?rest_route=%2Fwp%2Fv2%2Fmedia&parent=1747"}],"wp:term":[{"taxonomy":"product_brand","embeddable":true,"href":"https:\/\/plauserspeckladele.it\/index.php?rest_route=%2Fwp%2Fv2%2Fproduct_brand&post=1747"},{"taxonomy":"product_cat","embeddable":true,"href":"https:\/\/plauserspeckladele.it\/index.php?rest_route=%2Fwp%2Fv2%2Fproduct_cat&post=1747"},{"taxonomy":"product_tag","embeddable":true,"href":"https:\/\/plauserspeckladele.it\/index.php?rest_route=%2Fwp%2Fv2%2Fproduct_tag&post=1747"}],"curies":[{"name":"wp","href":"https:\/\/api.w.org\/{rel}","templated":true}]}}