{"id":1750,"date":"2021-02-12T12:09:54","date_gmt":"2021-02-12T11:09:54","guid":{"rendered":"https:\/\/plauserspeckladele.it\/?post_type=product&#038;p=1750"},"modified":"2023-03-22T11:59:45","modified_gmt":"2023-03-22T10:59:45","slug":"speck-bandnudeln-eggerhof","status":"publish","type":"product","link":"https:\/\/plauserspeckladele.it\/?product=speck-bandnudeln-eggerhof","title":{"rendered":"Speck Bandnudeln Eggerhof"},"content":{"rendered":"<p>Serviervorschlag:<\/p>\n<p>&#8211; Butter, Parmesan und Schnittlauch<\/p>\n<p>&#8211; Speck und ged\u00fcnsteter Zwiebel<\/p>\n<p>&#8211; Grauk\u00e4se und braune Butter<\/p>\n<p>-Bergk\u00e4se und Thymian<\/p>\n<p>&#8211; Steinpilze, Pfifferlinge oder Champignons, Majoran<\/p>\n<p>Zubereitung:<\/p>\n<p>Kochen Sie die Nudeln in ca. 3 Liter Salzwasser (2 EL grobes Salz) f\u00fcr ca. 7 Minuten und r\u00fchren sie gelegentlich um. Wasser abgie\u00dfen und nach Belieben Sugo hinzugeben, salzen, pfeffern und fertig ist Ihr Pastagericht.<\/p>\n<p>Zutaten:<\/p>\n<p>HARTWEIZENGRIESS, 20% frische EIER, Wasser,7% S\u00fcdtiroler Speck (Schweinefleisch), Salz, Dextrose, Gew\u00fcrze, Konservierungsstoffe: E252,\u00a0 1,4%, WEICHWEIZENMEHL Typ 0, Petersilie, Gew\u00fcrze<\/p>\n","protected":false},"excerpt":{"rendered":"<p>Serviervorschlag: &#8211; Butter, Parmesan und Schnittlauch &#8211; Speck und ged\u00fcnsteter Zwiebel &#8211; Grauk\u00e4se und braune Butter -Bergk\u00e4se und Thymian &#8211; Steinpilze, Pfifferlinge oder Champignons, Majoran Zubereitung: Kochen Sie die Nudeln&#8230;<\/p>\n","protected":false},"featured_media":1751,"comment_status":"closed","ping_status":"closed","template":"","meta":[],"product_brand":[],"product_cat":[49],"product_tag":[],"class_list":{"0":"post-1750","1":"product","2":"type-product","3":"status-publish","4":"has-post-thumbnail","6":"product_cat-teigwaren-gewuerze","8":"first","9":"instock","10":"taxable","11":"shipping-taxable","12":"purchasable","13":"product-type-simple"},"_links":{"self":[{"href":"https:\/\/plauserspeckladele.it\/index.php?rest_route=\/wp\/v2\/product\/1750","targetHints":{"allow":["GET"]}}],"collection":[{"href":"https:\/\/plauserspeckladele.it\/index.php?rest_route=\/wp\/v2\/product"}],"about":[{"href":"https:\/\/plauserspeckladele.it\/index.php?rest_route=\/wp\/v2\/types\/product"}],"replies":[{"embeddable":true,"href":"https:\/\/plauserspeckladele.it\/index.php?rest_route=%2Fwp%2Fv2%2Fcomments&post=1750"}],"wp:featuredmedia":[{"embeddable":true,"href":"https:\/\/plauserspeckladele.it\/index.php?rest_route=\/wp\/v2\/media\/1751"}],"wp:attachment":[{"href":"https:\/\/plauserspeckladele.it\/index.php?rest_route=%2Fwp%2Fv2%2Fmedia&parent=1750"}],"wp:term":[{"taxonomy":"product_brand","embeddable":true,"href":"https:\/\/plauserspeckladele.it\/index.php?rest_route=%2Fwp%2Fv2%2Fproduct_brand&post=1750"},{"taxonomy":"product_cat","embeddable":true,"href":"https:\/\/plauserspeckladele.it\/index.php?rest_route=%2Fwp%2Fv2%2Fproduct_cat&post=1750"},{"taxonomy":"product_tag","embeddable":true,"href":"https:\/\/plauserspeckladele.it\/index.php?rest_route=%2Fwp%2Fv2%2Fproduct_tag&post=1750"}],"curies":[{"name":"wp","href":"https:\/\/api.w.org\/{rel}","templated":true}]}}