{"id":1754,"date":"2021-02-12T12:28:33","date_gmt":"2021-02-12T11:28:33","guid":{"rendered":"https:\/\/plauserspeckladele.it\/?post_type=product&#038;p=1754"},"modified":"2023-03-22T11:59:21","modified_gmt":"2023-03-22T10:59:21","slug":"dinkel-vollkorn-bandnudeln-eggerhof","status":"publish","type":"product","link":"https:\/\/plauserspeckladele.it\/?product=dinkel-vollkorn-bandnudeln-eggerhof","title":{"rendered":"Dinkel Vollkorn Bandnudeln Eggerhof"},"content":{"rendered":"<p>Serviervorschlag:<\/p>\n<p>&#8211; Gem\u00fcseragout<\/p>\n<p>&#8211; wei\u00dfer und gr\u00fcner Spargel<\/p>\n<p>-Bauchspeck, N\u00fcsse und Rosmarin<\/p>\n<p>Zubereitung:<\/p>\n<p>Kochen Sie die Nudeln in ca. 3 Liter Salzwasser (2 EL grobes Salz) f\u00fcr ca. 7 Minuten und r\u00fchren sie gelegentlich um. Wasser abgie\u00dfen und nach Belieben Sugo hinzugeben, salzen, pfeffern und fertig ist Ihr Pastagericht.<\/p>\n<p>Zutaten:<\/p>\n<p>48% DINKELVOLLKORNMEHL, 42% HARTWEIZENGRIE\u00df, Wasser<\/p>\n<p>Schon gewusst:<\/p>\n<p>Dinkel, gilt selbst bei Nahrungsmittelallergien, als \u00e4u\u00dfert vertr\u00e4glich. Zudem enth\u00e4lt Dinkel einen hohen Anteil an Kiesels\u00e4ure (Silizium), die einen positiven Einfluss auf Haut, Haare und N\u00e4gel hat. Au\u00dferdem wird ihm eine harmonisierende Wirkung, vor allem auf die Verdauung nachgesagt.<\/p>\n","protected":false},"excerpt":{"rendered":"<p>Serviervorschlag: &#8211; Gem\u00fcseragout &#8211; wei\u00dfer und gr\u00fcner Spargel -Bauchspeck, N\u00fcsse und Rosmarin Zubereitung: Kochen Sie die Nudeln in ca. 3 Liter Salzwasser (2 EL grobes Salz) f\u00fcr ca. 7 Minuten&#8230;<\/p>\n","protected":false},"featured_media":1755,"comment_status":"closed","ping_status":"closed","template":"","meta":[],"product_brand":[],"product_cat":[49],"product_tag":[],"class_list":{"0":"post-1754","1":"product","2":"type-product","3":"status-publish","4":"has-post-thumbnail","6":"product_cat-teigwaren-gewuerze","8":"first","9":"instock","10":"taxable","11":"shipping-taxable","12":"purchasable","13":"product-type-simple"},"_links":{"self":[{"href":"https:\/\/plauserspeckladele.it\/index.php?rest_route=\/wp\/v2\/product\/1754","targetHints":{"allow":["GET"]}}],"collection":[{"href":"https:\/\/plauserspeckladele.it\/index.php?rest_route=\/wp\/v2\/product"}],"about":[{"href":"https:\/\/plauserspeckladele.it\/index.php?rest_route=\/wp\/v2\/types\/product"}],"replies":[{"embeddable":true,"href":"https:\/\/plauserspeckladele.it\/index.php?rest_route=%2Fwp%2Fv2%2Fcomments&post=1754"}],"wp:featuredmedia":[{"embeddable":true,"href":"https:\/\/plauserspeckladele.it\/index.php?rest_route=\/wp\/v2\/media\/1755"}],"wp:attachment":[{"href":"https:\/\/plauserspeckladele.it\/index.php?rest_route=%2Fwp%2Fv2%2Fmedia&parent=1754"}],"wp:term":[{"taxonomy":"product_brand","embeddable":true,"href":"https:\/\/plauserspeckladele.it\/index.php?rest_route=%2Fwp%2Fv2%2Fproduct_brand&post=1754"},{"taxonomy":"product_cat","embeddable":true,"href":"https:\/\/plauserspeckladele.it\/index.php?rest_route=%2Fwp%2Fv2%2Fproduct_cat&post=1754"},{"taxonomy":"product_tag","embeddable":true,"href":"https:\/\/plauserspeckladele.it\/index.php?rest_route=%2Fwp%2Fv2%2Fproduct_tag&post=1754"}],"curies":[{"name":"wp","href":"https:\/\/api.w.org\/{rel}","templated":true}]}}