{"id":1852,"date":"2021-02-19T19:45:01","date_gmt":"2021-02-19T18:45:01","guid":{"rendered":"https:\/\/plauserspeckladele.it\/?post_type=product&#038;p=1852"},"modified":"2023-03-22T11:43:19","modified_gmt":"2023-03-22T10:43:19","slug":"suedt-blauburgunder-graf-kellerei-meran","status":"publish","type":"product","link":"https:\/\/plauserspeckladele.it\/?product=suedt-blauburgunder-graf-kellerei-meran","title":{"rendered":"S\u00fcdt. Blauburgunder GRAF Kellerei Meran"},"content":{"rendered":"<p>Der K\u00f6nig der Rotweine findet an den steilen Ost- und Westh\u00e4ngen hoch \u00fcber der Stadt Meran durch die k\u00fchlen Fallwinde im Sommer ideale Voraussetzungen vor: f\u00fcr frisch-fruchtige, strukturierte Rotweine mit Lagerungspotential. Nur die besten Lagen mit alten Reben von franz\u00f6sischen Spitzenklonen sind gut genug, um die hohen Erwartungen des Kellermeisters zu erf\u00fcllen. Eine elegante Verf\u00fchrung die ihresgleichen sucht<\/p>\n","protected":false},"excerpt":{"rendered":"<p>Der K\u00f6nig der Rotweine findet an den steilen Ost- und Westh\u00e4ngen hoch \u00fcber der Stadt Meran durch die k\u00fchlen Fallwinde im Sommer ideale Voraussetzungen vor: f\u00fcr frisch-fruchtige, strukturierte Rotweine mit&#8230;<\/p>\n","protected":false},"featured_media":2040,"comment_status":"closed","ping_status":"closed","template":"","meta":[],"product_brand":[],"product_cat":[43],"product_tag":[],"class_list":{"0":"post-1852","1":"product","2":"type-product","3":"status-publish","4":"has-post-thumbnail","6":"product_cat-suedtiroler-weine","8":"first","9":"instock","10":"taxable","11":"shipping-taxable","12":"purchasable","13":"product-type-simple"},"_links":{"self":[{"href":"https:\/\/plauserspeckladele.it\/index.php?rest_route=\/wp\/v2\/product\/1852","targetHints":{"allow":["GET"]}}],"collection":[{"href":"https:\/\/plauserspeckladele.it\/index.php?rest_route=\/wp\/v2\/product"}],"about":[{"href":"https:\/\/plauserspeckladele.it\/index.php?rest_route=\/wp\/v2\/types\/product"}],"replies":[{"embeddable":true,"href":"https:\/\/plauserspeckladele.it\/index.php?rest_route=%2Fwp%2Fv2%2Fcomments&post=1852"}],"wp:featuredmedia":[{"embeddable":true,"href":"https:\/\/plauserspeckladele.it\/index.php?rest_route=\/wp\/v2\/media\/2040"}],"wp:attachment":[{"href":"https:\/\/plauserspeckladele.it\/index.php?rest_route=%2Fwp%2Fv2%2Fmedia&parent=1852"}],"wp:term":[{"taxonomy":"product_brand","embeddable":true,"href":"https:\/\/plauserspeckladele.it\/index.php?rest_route=%2Fwp%2Fv2%2Fproduct_brand&post=1852"},{"taxonomy":"product_cat","embeddable":true,"href":"https:\/\/plauserspeckladele.it\/index.php?rest_route=%2Fwp%2Fv2%2Fproduct_cat&post=1852"},{"taxonomy":"product_tag","embeddable":true,"href":"https:\/\/plauserspeckladele.it\/index.php?rest_route=%2Fwp%2Fv2%2Fproduct_tag&post=1852"}],"curies":[{"name":"wp","href":"https:\/\/api.w.org\/{rel}","templated":true}]}}