{"id":1856,"date":"2021-02-19T20:02:53","date_gmt":"2021-02-19T19:02:53","guid":{"rendered":"https:\/\/plauserspeckladele.it\/?post_type=product&#038;p=1856"},"modified":"2025-05-21T16:50:27","modified_gmt":"2025-05-21T14:50:27","slug":"suedt-blauburgunder-riserva-zeno-kellerei-meran","status":"publish","type":"product","link":"https:\/\/plauserspeckladele.it\/?product=suedt-blauburgunder-riserva-zeno-kellerei-meran","title":{"rendered":"S\u00fcdt. Blauburgunder Riserva ZENO Kellerei Meran"},"content":{"rendered":"<p>Pinot Noir und Kellerei Meran ist eine Allianz, die harmonischer nicht sein k\u00f6nnte. Hoch \u00fcber Meran auf \u00fcber 500 m in ausgesuchten, sonnenexponierten und gut durchl\u00fcfteten Lagen gedeihen die besten franz\u00f6sischen Spitzenklone dieses geadelten Rotweines. Die geballte Kraft der Sonne gepaart mit den k\u00fchlen Fallwinden der hohen Berggipfel erm\u00f6glicht die Produktion besonders komplexer und fruchtiger Rotweine. Eine partielle Ganztraubenpressung und Lagerung in Eichenholzf\u00e4ssern der stark ausselektierten, kleinbeerigen Trauben gibt dem K\u00f6nig der Rotweine noch den letzten Feinschliff und bringt einen langlebigen Riserva mit gut eingebundener S\u00e4ure und langanhaltendem Abgang hervor.<\/p>\n","protected":false},"excerpt":{"rendered":"<p>Pinot Noir und Kellerei Meran ist eine Allianz, die harmonischer nicht sein k\u00f6nnte. Hoch \u00fcber Meran auf \u00fcber 500 m in ausgesuchten, sonnenexponierten und gut durchl\u00fcfteten Lagen gedeihen die besten&#8230;<\/p>\n","protected":false},"featured_media":2044,"comment_status":"closed","ping_status":"closed","template":"","meta":[],"product_brand":[],"product_cat":[43],"product_tag":[],"class_list":{"0":"post-1856","1":"product","2":"type-product","3":"status-publish","4":"has-post-thumbnail","6":"product_cat-suedtiroler-weine","8":"first","9":"instock","10":"taxable","11":"shipping-taxable","12":"purchasable","13":"product-type-simple"},"_links":{"self":[{"href":"https:\/\/plauserspeckladele.it\/index.php?rest_route=\/wp\/v2\/product\/1856","targetHints":{"allow":["GET"]}}],"collection":[{"href":"https:\/\/plauserspeckladele.it\/index.php?rest_route=\/wp\/v2\/product"}],"about":[{"href":"https:\/\/plauserspeckladele.it\/index.php?rest_route=\/wp\/v2\/types\/product"}],"replies":[{"embeddable":true,"href":"https:\/\/plauserspeckladele.it\/index.php?rest_route=%2Fwp%2Fv2%2Fcomments&post=1856"}],"wp:featuredmedia":[{"embeddable":true,"href":"https:\/\/plauserspeckladele.it\/index.php?rest_route=\/wp\/v2\/media\/2044"}],"wp:attachment":[{"href":"https:\/\/plauserspeckladele.it\/index.php?rest_route=%2Fwp%2Fv2%2Fmedia&parent=1856"}],"wp:term":[{"taxonomy":"product_brand","embeddable":true,"href":"https:\/\/plauserspeckladele.it\/index.php?rest_route=%2Fwp%2Fv2%2Fproduct_brand&post=1856"},{"taxonomy":"product_cat","embeddable":true,"href":"https:\/\/plauserspeckladele.it\/index.php?rest_route=%2Fwp%2Fv2%2Fproduct_cat&post=1856"},{"taxonomy":"product_tag","embeddable":true,"href":"https:\/\/plauserspeckladele.it\/index.php?rest_route=%2Fwp%2Fv2%2Fproduct_tag&post=1856"}],"curies":[{"name":"wp","href":"https:\/\/api.w.org\/{rel}","templated":true}]}}