{"id":1876,"date":"2021-03-04T12:36:07","date_gmt":"2021-03-04T11:36:07","guid":{"rendered":"https:\/\/plauserspeckladele.it\/?post_type=product&#038;p=1876"},"modified":"2025-05-21T16:50:16","modified_gmt":"2025-05-21T14:50:16","slug":"suedt-cabernet-riserva-graf-kellerei-meran","status":"publish","type":"product","link":"https:\/\/plauserspeckladele.it\/?product=suedt-cabernet-riserva-graf-kellerei-meran","title":{"rendered":"S\u00fcdt. Cabernet Riserva GRAF Kellerei Meran"},"content":{"rendered":"<p>Diese farbintensive, phenolreiche und kr\u00e4ftige Rotweinsorte aus dem franz\u00f6sischen Bordeaux f\u00fchlt sich in den w\u00e4rmsten Lagen S\u00fcdtirols seit Jahren immer wohler. Doch nur eine konsequente Ertragsreduzierung erm\u00f6glicht es auch einen tiefgr\u00fcndigen, gehaltvollen Rotwein mit w\u00fcrzigem, sortentypischem Aroma auszubauen.<br \/>\nEin Wein, der sich als \u201eRiserva\u201c zu einem richtigen Charmeur entwickelt.<\/p>\n","protected":false},"excerpt":{"rendered":"<p>Diese farbintensive, phenolreiche und kr\u00e4ftige Rotweinsorte aus dem franz\u00f6sischen Bordeaux f\u00fchlt sich in den w\u00e4rmsten Lagen S\u00fcdtirols seit Jahren immer wohler. Doch nur eine konsequente Ertragsreduzierung erm\u00f6glicht es auch einen&#8230;<\/p>\n","protected":false},"featured_media":2048,"comment_status":"closed","ping_status":"closed","template":"","meta":[],"product_brand":[],"product_cat":[43],"product_tag":[],"class_list":{"0":"post-1876","1":"product","2":"type-product","3":"status-publish","4":"has-post-thumbnail","6":"product_cat-suedtiroler-weine","8":"first","9":"instock","10":"taxable","11":"shipping-taxable","12":"purchasable","13":"product-type-simple"},"_links":{"self":[{"href":"https:\/\/plauserspeckladele.it\/index.php?rest_route=\/wp\/v2\/product\/1876","targetHints":{"allow":["GET"]}}],"collection":[{"href":"https:\/\/plauserspeckladele.it\/index.php?rest_route=\/wp\/v2\/product"}],"about":[{"href":"https:\/\/plauserspeckladele.it\/index.php?rest_route=\/wp\/v2\/types\/product"}],"replies":[{"embeddable":true,"href":"https:\/\/plauserspeckladele.it\/index.php?rest_route=%2Fwp%2Fv2%2Fcomments&post=1876"}],"wp:featuredmedia":[{"embeddable":true,"href":"https:\/\/plauserspeckladele.it\/index.php?rest_route=\/wp\/v2\/media\/2048"}],"wp:attachment":[{"href":"https:\/\/plauserspeckladele.it\/index.php?rest_route=%2Fwp%2Fv2%2Fmedia&parent=1876"}],"wp:term":[{"taxonomy":"product_brand","embeddable":true,"href":"https:\/\/plauserspeckladele.it\/index.php?rest_route=%2Fwp%2Fv2%2Fproduct_brand&post=1876"},{"taxonomy":"product_cat","embeddable":true,"href":"https:\/\/plauserspeckladele.it\/index.php?rest_route=%2Fwp%2Fv2%2Fproduct_cat&post=1876"},{"taxonomy":"product_tag","embeddable":true,"href":"https:\/\/plauserspeckladele.it\/index.php?rest_route=%2Fwp%2Fv2%2Fproduct_tag&post=1876"}],"curies":[{"name":"wp","href":"https:\/\/api.w.org\/{rel}","templated":true}]}}